{"id":1059,"date":"2016-12-14T16:16:18","date_gmt":"2016-12-14T15:16:18","guid":{"rendered":"https:\/\/www.labeerfabrique.com\/lyon\/?page_id=1059"},"modified":"2024-10-03T15:17:19","modified_gmt":"2024-10-03T13:17:19","slug":"carte-cadeau-atelier-brassage-de-biere-lyon","status":"publish","type":"page","link":"https:\/\/www.labeerfabrique.com\/lyon\/carte-cadeau-atelier-brassage-de-biere-lyon\/","title":{"rendered":"Bons cadeaux"},"content":{"rendered":"<p><div class=\"fusion-fullwidth fullwidth-box fusion-builder-row-1 fusion-flex-container nonhundred-percent-fullwidth non-hundred-percent-height-scrolling\" style=\"--awb-border-radius-top-left:0px;--awb-border-radius-top-right:0px;--awb-border-radius-bottom-right:0px;--awb-border-radius-bottom-left:0px;--awb-flex-wrap:wrap;\" ><div class=\"fusion-builder-row fusion-row fusion-flex-align-items-flex-start fusion-flex-content-wrap\" style=\"max-width:104%;margin-left: calc(-4% \/ 2 );margin-right: calc(-4% \/ 2 );\"><div class=\"fusion-layout-column fusion_builder_column fusion-builder-column-0 fusion_builder_column_1_1 1_1 fusion-flex-column\" style=\"--awb-bg-size:cover;--awb-width-large:100%;--awb-margin-top-large:0px;--awb-spacing-right-large:1.92%;--awb-margin-bottom-large:20px;--awb-spacing-left-large:1.92%;--awb-width-medium:100%;--awb-order-medium:0;--awb-spacing-right-medium:1.92%;--awb-spacing-left-medium:1.92%;--awb-width-small:100%;--awb-order-small:0;--awb-spacing-right-small:1.92%;--awb-spacing-left-small:1.92%;\"><div class=\"fusion-column-wrapper fusion-column-has-shadow fusion-flex-justify-content-flex-start fusion-content-layout-column\"><style>\n.page-id-1059.page-template .post-content>.fusion-fullwidth:first-child, .woocommerce-template .post-content>.fusion-fullwidth:first-child{\n  padding-left: 0!important;\n    padding-right: 0!important;\n    margin-right: 0px!important;\n    margin-left: 0px!important;\n}\n@media (max-width: 800px){\n  body .fusion-tabs:not(.mobile-mode-carousel) .nav:not(.fusion-mobile-tab-nav) {\n      display: block !important;\n  }\n  body .fusion-tabs:not(.mobile-mode-carousel) .nav:not(.fusion-mobile-tab-nav) li {\n    display: flex;\n    justify-content: center;\n    align-items: center;\n  }\n   body .tab-pane .woocommerce-product-gallery__wrapper,\n  body .tab-pane img.wp-post-image{\n    width: 100%;\n  }\n}\n<\/style><div class=\"fusion-text fusion-text-1\"><h1 style=\"text-align: center;\">Nos bons cadeaux Lyon<\/h1>\n<p style=\"text-align: center;\">\u00e0 offrir \u00e0 ses proches et ses amis<\/p>\n<\/div><div class=\"fusion-text fusion-text-2\" style=\"--awb-margin-top:50px;\"><p>La carte cadeau vous permet d\u2019offrir le cadeau id\u00e9al pour tous les amateurs de bi\u00e8re : un atelier de brassage \u00e0 la Beer Fabrique. Celle-ci vous permet d\u2019obtenir un bon cadeau donnant acc\u00e8s \u00e0 l\u2019une de nos formule d\u2019atelier de brassage.<br \/>\nEn plus d\u2019offrir une activit\u00e9 ludique et originale, l&rsquo;atelier permet de comprendre les proc\u00e9d\u00e9s de fabrication d\u2019une recette de bi\u00e8re artisanale au choix parmi 7 recettes. L\u2019apprenti brasseur qui b\u00e9n\u00e9ficiera de ce cadeau unique repartira avec 15 litres de la bi\u00e8re qu\u2019il aura lui-m\u00eame brasser. Fabriquer puis d\u00e9guster sa propre bi\u00e8re, un r\u00eave pour tout amateur de bi\u00e8re artisanale!<br \/>\nLa carte sera valable pour une dur\u00e9e de 12 mois ce qui laissera le temps \u00e0 l\u2019heureux \u00e9lu de choisir une date qui lui conviendra.<\/p>\n<\/div><\/div><\/div><\/div><\/div><div class=\"fusion-fullwidth fullwidth-box fusion-builder-row-2 fusion-flex-container produit-bon-cadeau nonhundred-percent-fullwidth non-hundred-percent-height-scrolling fusion-custom-z-index\" style=\"--awb-border-radius-top-left:0px;--awb-border-radius-top-right:0px;--awb-border-radius-bottom-right:0px;--awb-border-radius-bottom-left:0px;--awb-z-index:999;--awb-background-color:rgba(255,251,247,0);--awb-flex-wrap:wrap;\" ><div class=\"fusion-builder-row fusion-row fusion-flex-align-items-flex-start fusion-flex-content-wrap\" style=\"max-width:104%;margin-left: calc(-4% \/ 2 );margin-right: calc(-4% \/ 2 );\"><div class=\"fusion-layout-column fusion_builder_column fusion-builder-column-1 fusion_builder_column_1_1 1_1 fusion-flex-column\" style=\"--awb-padding-top-small:0px;--awb-padding-bottom-small:0px;--awb-bg-size:cover;--awb-box-shadow:10px 10px 36px -26px ;;--awb-width-large:100%;--awb-margin-top-large:0px;--awb-spacing-right-large:1.92%;--awb-margin-bottom-large:20px;--awb-spacing-left-large:1.92%;--awb-width-medium:100%;--awb-order-medium:0;--awb-spacing-right-medium:1.92%;--awb-spacing-left-medium:1.92%;--awb-width-small:100%;--awb-order-small:0;--awb-margin-top-small:0px;--awb-spacing-right-small:1.92%;--awb-margin-bottom-small:0px;--awb-spacing-left-small:1.92%;\"><div class=\"fusion-column-wrapper fusion-column-has-shadow fusion-flex-justify-content-flex-start fusion-content-layout-column\"><div class=\"fusion-tabs fusion-tabs-1 classic nav-is-justified stage remove-padding horizontal-tabs icon-position-left mobile-mode-accordion\" style=\"--awb-title-border-radius-top-left:0px;--awb-title-border-radius-top-right:0px;--awb-title-border-radius-bottom-right:0px;--awb-title-border-radius-bottom-left:0px;--awb-alignment:start;--awb-inactive-color:#ffffff;--awb-background-color:#ffffff;--awb-border-color:#ebeaea;--awb-active-border-color:#b95626;\"><div class=\"nav\"><ul class=\"nav-tabs nav-justified\" role=\"tablist\"><li class=\"active\" role=\"presentation\"><a class=\"tab-link\" data-toggle=\"tab\" role=\"tab\" aria-controls=\"tab-f2d71e2a5d1125e4f27\" aria-selected=\"true\" id=\"fusion-tab-maitrebrasseur&lt;br\/&gt;4h-180\u20ac\" href=\"#tab-f2d71e2a5d1125e4f27\"><h4 class=\"fusion-tab-heading\">Maitre brasseur<br \/>\n4h - 180\u20ac<\/h4><\/a><\/li><li role=\"presentation\"><a class=\"tab-link\" data-toggle=\"tab\" role=\"tab\" aria-controls=\"tab-3bf2ab2e8ef8c2711f2\" aria-selected=\"false\" tabindex=\"-1\" id=\"fusion-tab-brasseuramateur&lt;br\/&gt;2h-70\u20ac\" href=\"#tab-3bf2ab2e8ef8c2711f2\"><h4 class=\"fusion-tab-heading\">Brasseur amateur<br \/>\n2h - 70\u20ac<\/h4><\/a><\/li><\/ul><\/div><div class=\"tab-content\"><div class=\"nav fusion-mobile-tab-nav\"><ul class=\"nav-tabs nav-justified\" role=\"tablist\"><li class=\"active\" role=\"presentation\"><a class=\"tab-link\" data-toggle=\"tab\" role=\"tab\" aria-controls=\"tab-f2d71e2a5d1125e4f27\" aria-selected=\"true\" id=\"mobile-fusion-tab-maitrebrasseur&lt;br\/&gt;4h-180\u20ac\" href=\"#tab-f2d71e2a5d1125e4f27\"><h4 class=\"fusion-tab-heading\">Maitre brasseur<br \/>\n4h - 180\u20ac<\/h4><\/a><\/li><\/ul><\/div><div class=\"tab-pane fade fusion-clearfix in active\" role=\"tabpanel\" tabindex=\"0\" aria-labelledby=\"fusion-tab-maitrebrasseur&lt;br\/&gt;4h-180\u20ac\" id=\"tab-f2d71e2a5d1125e4f27\">\n<div class=\"woocommerce\"><\/div>\n<\/div><div class=\"nav fusion-mobile-tab-nav\"><ul class=\"nav-tabs nav-justified\" role=\"tablist\"><li role=\"presentation\"><a class=\"tab-link\" data-toggle=\"tab\" role=\"tab\" aria-controls=\"tab-3bf2ab2e8ef8c2711f2\" aria-selected=\"false\" tabindex=\"-1\" id=\"mobile-fusion-tab-brasseuramateur&lt;br\/&gt;2h-70\u20ac\" href=\"#tab-3bf2ab2e8ef8c2711f2\"><h4 class=\"fusion-tab-heading\">Brasseur amateur<br \/>\n2h - 70\u20ac<\/h4><\/a><\/li><\/ul><\/div><div class=\"tab-pane fade fusion-clearfix\" role=\"tabpanel\" tabindex=\"0\" aria-labelledby=\"fusion-tab-brasseuramateur&lt;br\/&gt;2h-70\u20ac\" id=\"tab-3bf2ab2e8ef8c2711f2\">\n<div class=\"woocommerce\"><\/div>\n<\/div><\/div><\/div><\/div><\/div><\/div><\/div><div class=\"fusion-fullwidth fullwidth-box fusion-builder-row-3 fusion-flex-container nonhundred-percent-fullwidth non-hundred-percent-height-scrolling\" style=\"--awb-border-radius-top-left:0px;--awb-border-radius-top-right:0px;--awb-border-radius-bottom-right:0px;--awb-border-radius-bottom-left:0px;--awb-margin-top:50px;--awb-flex-wrap:wrap;\" ><div class=\"fusion-builder-row fusion-row fusion-flex-align-items-flex-start fusion-flex-content-wrap\" style=\"max-width:104%;margin-left: calc(-4% \/ 2 );margin-right: calc(-4% \/ 2 );\"><div class=\"fusion-layout-column fusion_builder_column fusion-builder-column-2 fusion_builder_column_1_1 1_1 fusion-flex-column\" style=\"--awb-bg-size:cover;--awb-width-large:100%;--awb-margin-top-large:0px;--awb-spacing-right-large:1.92%;--awb-margin-bottom-large:20px;--awb-spacing-left-large:1.92%;--awb-width-medium:100%;--awb-order-medium:0;--awb-spacing-right-medium:1.92%;--awb-spacing-left-medium:1.92%;--awb-width-small:100%;--awb-order-small:0;--awb-spacing-right-small:1.92%;--awb-spacing-left-small:1.92%;\"><div class=\"fusion-column-wrapper fusion-column-has-shadow fusion-flex-justify-content-flex-start fusion-content-layout-column\"><div class=\"fusion-text fusion-text-3\"><p><strong>Vous recherchez une id\u00e9e pour un cadeau original ? Nos cartes cadeaux atelier de brassage sont faites pour vous !<\/strong><\/p>\n<p>Gr\u00e2ce aux cartes cadeaux La Beer Fabrique, vous pouvez offrir \u00e0 la personne de votre choix un bon pour participer \u00e0 un atelier de brassage de bi\u00e8re \u00e0 Lyon. Avis aux amateurs de bonne bi\u00e8re, ne manquez pas \u201cle\u201d cadeau bi\u00e8re boh\u00e8me ! Vous avez le choix entre l\u2019atelier Ma\u00eetre Brasseur (4 heures) et l\u2019atelier Brasseur Amateur (2 heures).<\/p>\n<p><strong>La carte cadeau Atelier Ma\u00eetre Brasseur<\/strong><\/p>\n<p>V\u00e9ritable cours \u201cDo It Yourself\u201d sur la bi\u00e8re, l\u2019atelier Ma\u00eetre Brasseur vous permet de fabriquer quinze litres de la bi\u00e8re de votre choix parmi nos diff\u00e9rentes recettes. A l\u2019issue de l\u2019atelier, le monde de la brasserie artisanale et la fabrication de la bi\u00e8re n\u2019auront plus de secrets pour vous. L\u2019\u00e9tape de fermentation de la bi\u00e8re durant deux semaines, vous devrez revenir apr\u00e8s l\u2019atelier pour embouteiller votre brassin. A compter de ce moment, il faudra encore patienter deux semaines suppl\u00e9mentaires avant de pouvoir go\u00fbter \u00e0 la bi\u00e8re que vous aurez brass\u00e9e vous-m\u00eames : c\u2019est le temps n\u00e9cessaire aux levures pour transformer les sucres en CO2 et rendre votre bi\u00e8re p\u00e9tillante ! Si le bon cadeau permet de r\u00e9server pour un bin\u00f4me, c\u2019est-\u00e0-dire pour deux personnes, vous pouvez toutefois y ajouter des options suppl\u00e9mentaires. Il est donc possible de permettre \u00e0 l\u2019heureux b\u00e9n\u00e9ficiaire de repartir avec un pack de bi\u00e8res artisanales, voire de venir brasser en trin\u00f4me, avec deux personnes.<\/p>\n<p><strong>La carte cadeau Atelier Brasseur Amateur<\/strong><\/p>\n<p>Lors du stage Brasseur Amateur, vous avez l\u2019opportunit\u00e9 d\u2019assister \u00e0 toutes les \u00e9tapes du processus de brassage r\u00e9alis\u00e9es en direct par un ma\u00eetre brasseur. Vous effectuez \u00e9galement une d\u00e9gustation comment\u00e9e de six bi\u00e8res artisanales. Enfin, vous repartez \u00e0 la fin de l\u2019atelier avec un coffret de trois bi\u00e8res et une bouteille embouteill\u00e9e par vos soins ! La carte cadeau est valable pour une personne.<\/p>\n<p>Les cartes cadeaux se p\u00e9riment un an apr\u00e8s la date d\u2019achat. Cela laisse donc le temps au b\u00e9n\u00e9ficiaire de r\u00e9server son stage de brassage le jour qui lui convient selon les cr\u00e9neaux disponibles indiqu\u00e9s sur notre site internet. Si vous tardez trop pour r\u00e9server, ne vous inqui\u00e9tez pas, vous pouvez effectuer un atelier ayant lieu apr\u00e8s la fin de validit\u00e9 de votre carte tant que vous r\u00e9servez avant celle-ci ! Nos ateliers sont l\u2019occasion de se retrouver en famille ou entre amis autour d\u2019une bonne bi\u00e8re faite maison avec des ingr\u00e9dients sourc\u00e9s fran\u00e7ais.<\/p>\n<p>Vous avez une interrogation au sujet de vos bons cadeaux ? N\u2019h\u00e9sitez pas \u00e0 nous envoyer un mail \u00e0 labeerfabriquelyon@lbf.beer<\/p>\n<p><strong>Nos team buildings bi\u00e8re<\/strong><\/p>\n<p>Votre entreprise recherche un \u00e9v\u00e9nement team building qui soit original et convivial ? Nous adaptons nos ateliers aux besoins et au budget de votre entreprise. Si vous souhaitez davantage d\u2019informations, c\u2019est par ici :<br \/>\n<a class=\"btn-bon-cadeau\" href=\"https:\/\/www.labeerfabrique.com\/toulouse\/team-building\/\">D\u00e9couvrez nos Team-buildings<\/a><\/p>\n<p><strong>Nos formations professionnelles<\/strong><\/p>\n<p>La Beer Fabrique propose \u00e9galement des formations professionnelles pour tous les passionn\u00e9s, novices ou experts en la mati\u00e8re, souhaitant d\u00e9velopper leurs connaissances pratiques et th\u00e9oriques ainsi que monter un projet en rapport avec la bi\u00e8re. Nous b\u00e9n\u00e9ficions de la certification Qualiopi garantissant la qualit\u00e9 de nos formations. Pour tout renseignement compl\u00e9mentaire, n\u2019h\u00e9sitez pas \u00e0 consulter notre page d\u00e9di\u00e9e aux formations :<br \/>\n<a class=\"btn-bon-cadeau\" href=\"https:\/\/www.labeerfabrique.com\/formation-devenir-brasseur-professionnel\/\">D\u00e9couvrez nos formations<\/a><\/p>\n<\/div><\/div><\/div><\/div><\/div><\/p>\n","protected":false},"excerpt":{"rendered":"","protected":false},"author":1,"featured_media":0,"parent":0,"menu_order":0,"comment_status":"closed","ping_status":"closed","template":"100-width.php","meta":{"_acf_changed":false,"inline_featured_image":false,"footnotes":""},"page_cat":[],"page_layout":[],"class_list":["post-1059","page","type-page","status-publish","hentry"],"acf":[],"yoast_head":"<!-- This site is optimized with the Yoast SEO plugin v25.0 - https:\/\/yoast.com\/wordpress\/plugins\/seo\/ -->\n<title>Carte cadeau pour un atelier brassage bi\u00e8re artisanale \u00e0 Lyon<\/title>\n<meta name=\"description\" content=\"Offrez un cadeau bi\u00e8re original \u00e0 vos proches ou vos amis en achetant une carte cadeau pour un atelier de brassage de bi\u00e8re \u00e0 Lyon 2 heures ou 4 heures\" \/>\n<meta name=\"robots\" content=\"index, follow, max-snippet:-1, max-image-preview:large, max-video-preview:-1\" \/>\n<link rel=\"canonical\" href=\"https:\/\/www.labeerfabrique.com\/lyon\/carte-cadeau-atelier-brassage-de-biere-lyon\/\" \/>\n<meta property=\"og:locale\" content=\"fr_FR\" \/>\n<meta property=\"og:type\" content=\"article\" \/>\n<meta property=\"og:title\" content=\"Carte cadeau pour un atelier brassage bi\u00e8re artisanale \u00e0 Lyon\" \/>\n<meta property=\"og:description\" content=\"Offrez un cadeau bi\u00e8re original \u00e0 vos proches ou vos amis en achetant une carte cadeau pour un atelier de brassage de bi\u00e8re \u00e0 Lyon 2 heures ou 4 heures\" \/>\n<meta property=\"og:url\" content=\"https:\/\/www.labeerfabrique.com\/lyon\/carte-cadeau-atelier-brassage-de-biere-lyon\/\" \/>\n<meta property=\"og:site_name\" content=\"LBF Lyon\" \/>\n<meta property=\"article:modified_time\" content=\"2024-10-03T13:17:19+00:00\" \/>\n<meta name=\"twitter:card\" content=\"summary_large_image\" \/>\n<meta name=\"twitter:label1\" content=\"Dur\u00e9e de lecture estim\u00e9e\" \/>\n\t<meta name=\"twitter:data1\" content=\"6 minutes\" \/>\n<script type=\"application\/ld+json\" class=\"yoast-schema-graph\">{\"@context\":\"https:\/\/schema.org\",\"@graph\":[{\"@type\":\"WebPage\",\"@id\":\"https:\/\/www.labeerfabrique.com\/lyon\/carte-cadeau-atelier-brassage-de-biere-lyon\/\",\"url\":\"https:\/\/www.labeerfabrique.com\/lyon\/carte-cadeau-atelier-brassage-de-biere-lyon\/\",\"name\":\"Carte cadeau pour un atelier brassage bi\u00e8re artisanale \u00e0 Lyon\",\"isPartOf\":{\"@id\":\"https:\/\/www.labeerfabrique.com\/lyon\/#website\"},\"datePublished\":\"2016-12-14T15:16:18+00:00\",\"dateModified\":\"2024-10-03T13:17:19+00:00\",\"description\":\"Offrez un cadeau bi\u00e8re original \u00e0 vos proches ou vos amis en achetant une carte cadeau pour un atelier de brassage de bi\u00e8re \u00e0 Lyon 2 heures ou 4 heures\",\"breadcrumb\":{\"@id\":\"https:\/\/www.labeerfabrique.com\/lyon\/carte-cadeau-atelier-brassage-de-biere-lyon\/#breadcrumb\"},\"inLanguage\":\"fr-FR\",\"potentialAction\":[{\"@type\":\"ReadAction\",\"target\":[\"https:\/\/www.labeerfabrique.com\/lyon\/carte-cadeau-atelier-brassage-de-biere-lyon\/\"]}]},{\"@type\":\"BreadcrumbList\",\"@id\":\"https:\/\/www.labeerfabrique.com\/lyon\/carte-cadeau-atelier-brassage-de-biere-lyon\/#breadcrumb\",\"itemListElement\":[{\"@type\":\"ListItem\",\"position\":1,\"name\":\"Accueil\",\"item\":\"https:\/\/www.labeerfabrique.com\/lyon\/\"},{\"@type\":\"ListItem\",\"position\":2,\"name\":\"Bons cadeaux\"}]},{\"@type\":\"WebSite\",\"@id\":\"https:\/\/www.labeerfabrique.com\/lyon\/#website\",\"url\":\"https:\/\/www.labeerfabrique.com\/lyon\/\",\"name\":\"LBF Lyon\",\"description\":\"Cours de brassage de bi\u00e8re artisanale\",\"publisher\":{\"@id\":\"https:\/\/www.labeerfabrique.com\/lyon\/#organization\"},\"potentialAction\":[{\"@type\":\"SearchAction\",\"target\":{\"@type\":\"EntryPoint\",\"urlTemplate\":\"https:\/\/www.labeerfabrique.com\/lyon\/?s={search_term_string}\"},\"query-input\":{\"@type\":\"PropertyValueSpecification\",\"valueRequired\":true,\"valueName\":\"search_term_string\"}}],\"inLanguage\":\"fr-FR\"},{\"@type\":\"Organization\",\"@id\":\"https:\/\/www.labeerfabrique.com\/lyon\/#organization\",\"name\":\"La Beer Fabrique\",\"url\":\"https:\/\/www.labeerfabrique.com\/lyon\/\",\"logo\":{\"@type\":\"ImageObject\",\"inLanguage\":\"fr-FR\",\"@id\":\"https:\/\/www.labeerfabrique.com\/lyon\/#\/schema\/logo\/image\/\",\"url\":\"https:\/\/www.labeerfabrique.com\/lyon\/wp-content\/uploads\/sites\/4\/2018\/08\/LogoBF-021.png\",\"contentUrl\":\"https:\/\/www.labeerfabrique.com\/lyon\/wp-content\/uploads\/sites\/4\/2018\/08\/LogoBF-021.png\",\"width\":100,\"height\":100,\"caption\":\"La Beer Fabrique\"},\"image\":{\"@id\":\"https:\/\/www.labeerfabrique.com\/lyon\/#\/schema\/logo\/image\/\"}}]}<\/script>\n<!-- \/ Yoast SEO plugin. -->","yoast_head_json":{"title":"Carte cadeau pour un atelier brassage bi\u00e8re artisanale \u00e0 Lyon","description":"Offrez un cadeau bi\u00e8re original \u00e0 vos proches ou vos amis en achetant une carte cadeau pour un atelier de brassage de bi\u00e8re \u00e0 Lyon 2 heures ou 4 heures","robots":{"index":"index","follow":"follow","max-snippet":"max-snippet:-1","max-image-preview":"max-image-preview:large","max-video-preview":"max-video-preview:-1"},"canonical":"https:\/\/www.labeerfabrique.com\/lyon\/carte-cadeau-atelier-brassage-de-biere-lyon\/","og_locale":"fr_FR","og_type":"article","og_title":"Carte cadeau pour un atelier brassage bi\u00e8re artisanale \u00e0 Lyon","og_description":"Offrez un cadeau bi\u00e8re original \u00e0 vos proches ou vos amis en achetant une carte cadeau pour un atelier de brassage de bi\u00e8re \u00e0 Lyon 2 heures ou 4 heures","og_url":"https:\/\/www.labeerfabrique.com\/lyon\/carte-cadeau-atelier-brassage-de-biere-lyon\/","og_site_name":"LBF Lyon","article_modified_time":"2024-10-03T13:17:19+00:00","twitter_card":"summary_large_image","twitter_misc":{"Dur\u00e9e de lecture estim\u00e9e":"6 minutes"},"schema":{"@context":"https:\/\/schema.org","@graph":[{"@type":"WebPage","@id":"https:\/\/www.labeerfabrique.com\/lyon\/carte-cadeau-atelier-brassage-de-biere-lyon\/","url":"https:\/\/www.labeerfabrique.com\/lyon\/carte-cadeau-atelier-brassage-de-biere-lyon\/","name":"Carte cadeau pour un atelier brassage bi\u00e8re artisanale \u00e0 Lyon","isPartOf":{"@id":"https:\/\/www.labeerfabrique.com\/lyon\/#website"},"datePublished":"2016-12-14T15:16:18+00:00","dateModified":"2024-10-03T13:17:19+00:00","description":"Offrez un cadeau bi\u00e8re original \u00e0 vos proches ou vos amis en achetant une carte cadeau pour un atelier de brassage de bi\u00e8re \u00e0 Lyon 2 heures ou 4 heures","breadcrumb":{"@id":"https:\/\/www.labeerfabrique.com\/lyon\/carte-cadeau-atelier-brassage-de-biere-lyon\/#breadcrumb"},"inLanguage":"fr-FR","potentialAction":[{"@type":"ReadAction","target":["https:\/\/www.labeerfabrique.com\/lyon\/carte-cadeau-atelier-brassage-de-biere-lyon\/"]}]},{"@type":"BreadcrumbList","@id":"https:\/\/www.labeerfabrique.com\/lyon\/carte-cadeau-atelier-brassage-de-biere-lyon\/#breadcrumb","itemListElement":[{"@type":"ListItem","position":1,"name":"Accueil","item":"https:\/\/www.labeerfabrique.com\/lyon\/"},{"@type":"ListItem","position":2,"name":"Bons cadeaux"}]},{"@type":"WebSite","@id":"https:\/\/www.labeerfabrique.com\/lyon\/#website","url":"https:\/\/www.labeerfabrique.com\/lyon\/","name":"LBF Lyon","description":"Cours de brassage de bi\u00e8re artisanale","publisher":{"@id":"https:\/\/www.labeerfabrique.com\/lyon\/#organization"},"potentialAction":[{"@type":"SearchAction","target":{"@type":"EntryPoint","urlTemplate":"https:\/\/www.labeerfabrique.com\/lyon\/?s={search_term_string}"},"query-input":{"@type":"PropertyValueSpecification","valueRequired":true,"valueName":"search_term_string"}}],"inLanguage":"fr-FR"},{"@type":"Organization","@id":"https:\/\/www.labeerfabrique.com\/lyon\/#organization","name":"La Beer Fabrique","url":"https:\/\/www.labeerfabrique.com\/lyon\/","logo":{"@type":"ImageObject","inLanguage":"fr-FR","@id":"https:\/\/www.labeerfabrique.com\/lyon\/#\/schema\/logo\/image\/","url":"https:\/\/www.labeerfabrique.com\/lyon\/wp-content\/uploads\/sites\/4\/2018\/08\/LogoBF-021.png","contentUrl":"https:\/\/www.labeerfabrique.com\/lyon\/wp-content\/uploads\/sites\/4\/2018\/08\/LogoBF-021.png","width":100,"height":100,"caption":"La Beer Fabrique"},"image":{"@id":"https:\/\/www.labeerfabrique.com\/lyon\/#\/schema\/logo\/image\/"}}]}},"_links":{"self":[{"href":"https:\/\/www.labeerfabrique.com\/lyon\/wp-json\/wp\/v2\/pages\/1059","targetHints":{"allow":["GET"]}}],"collection":[{"href":"https:\/\/www.labeerfabrique.com\/lyon\/wp-json\/wp\/v2\/pages"}],"about":[{"href":"https:\/\/www.labeerfabrique.com\/lyon\/wp-json\/wp\/v2\/types\/page"}],"author":[{"embeddable":true,"href":"https:\/\/www.labeerfabrique.com\/lyon\/wp-json\/wp\/v2\/users\/1"}],"replies":[{"embeddable":true,"href":"https:\/\/www.labeerfabrique.com\/lyon\/wp-json\/wp\/v2\/comments?post=1059"}],"version-history":[{"count":0,"href":"https:\/\/www.labeerfabrique.com\/lyon\/wp-json\/wp\/v2\/pages\/1059\/revisions"}],"wp:attachment":[{"href":"https:\/\/www.labeerfabrique.com\/lyon\/wp-json\/wp\/v2\/media?parent=1059"}],"wp:term":[{"taxonomy":"page_cat","embeddable":true,"href":"https:\/\/www.labeerfabrique.com\/lyon\/wp-json\/wp\/v2\/page_cat?post=1059"},{"taxonomy":"page_layout","embeddable":true,"href":"https:\/\/www.labeerfabrique.com\/lyon\/wp-json\/wp\/v2\/page_layout?post=1059"}],"curies":[{"name":"wp","href":"https:\/\/api.w.org\/{rel}","templated":true}]}}