{"id":220428,"date":"2020-03-27T22:45:14","date_gmt":"2020-03-27T21:45:14","guid":{"rendered":"https:\/\/www.labeerfabrique.com\/?page_id=220428"},"modified":"2025-03-05T16:49:17","modified_gmt":"2025-03-05T15:49:17","slug":"contact","status":"publish","type":"page","link":"https:\/\/www.labeerfabrique.com\/paris-bf\/contact\/","title":{"rendered":"Contact"},"content":{"rendered":"<p><div class=\"fusion-fullwidth fullwidth-box fusion-builder-row-1 fusion-parallax-fixed bp-center-bottom slider-m hundred-percent-fullwidth non-hundred-percent-height-scrolling\" style=\"--awb-border-radius-top-left:0px;--awb-border-radius-top-right:0px;--awb-border-radius-bottom-right:0px;--awb-border-radius-bottom-left:0px;--awb-padding-top:0px;--awb-padding-right:0px;--awb-padding-bottom:0px;--awb-padding-left:0px;--awb-margin-top:0px;--awb-margin-bottom:0px;--awb-background-image:url(&quot;https:\/\/www.labeerfabrique.com\/paris-test\/wp-content\/uploads\/sites\/13\/2020\/03\/atelier-brassage.jpg&quot;);--awb-background-size:cover;--awb-flex-wrap:wrap;background-attachment:fixed;\" ><div class=\"fusion-builder-row fusion-row\"><div class=\"fusion-layout-column fusion_builder_column fusion-builder-column-0 fusion_builder_column_1_1 1_1 fusion-one-full fusion-column-first fusion-column-last\" style=\"--awb-padding-top:250px;--awb-padding-right:15%;--awb-padding-bottom:80px;--awb-padding-left:15%;--awb-bg-color:rgba(0,0,0,0.31);--awb-bg-color-hover:rgba(0,0,0,0.31);--awb-bg-position:center center;--awb-bg-size:cover;--awb-margin-bottom:0px;\"><div class=\"fusion-column-wrapper fusion-column-has-shadow fusion-flex-column-wrapper-legacy\"><div class=\"fusion-text fusion-text-1\"><h1 class=\"text-center white margin-bottom-10\">Contactez La Beer Fabrique<\/h1>\n<p class=\"text-center white margin-top-0 font-ss-titre\">r\u00e9ponse sous 24h ouvr\u00e9es<\/p>\n<\/div><div class=\"fusion-clearfix\"><\/div><\/div><\/div><\/div><\/div><div class=\"fusion-fullwidth fullwidth-box fusion-builder-row-2 c-vert nonhundred-percent-fullwidth non-hundred-percent-height-scrolling fusion-equal-height-columns\" style=\"--awb-border-radius-top-left:0px;--awb-border-radius-top-right:0px;--awb-border-radius-bottom-right:0px;--awb-border-radius-bottom-left:0px;--awb-flex-wrap:wrap;\" ><div class=\"fusion-builder-row fusion-row\"><div class=\"fusion-layout-column fusion_builder_column fusion-builder-column-1 fusion_builder_column_1_1 1_1 fusion-one-full fusion-column-first fusion-column-last block-principal fusion-column-no-min-height\" style=\"--awb-bg-size:cover;\"><div class=\"fusion-column-wrapper fusion-column-has-shadow fusion-flex-column-wrapper-legacy\"><div class=\"fusion-text fusion-text-2\"><h2 class=\"text-center\">Nous sommes disponibles et r\u00e9actifs<\/h2>\n<p class=\"margin-bottom-0\">La Beer Fabrique propose des ateliers de brassage de bi\u00e8re artisanale \u00e0 Paris et Lyon, pour les particuliers comme pour les entreprises. Nos ateliers de brassage sont les mieux not\u00e9s de Paris sur TripAdvisor : devenez incollable sur le processus de brassage de bi\u00e8re gr\u00e2ce \u00e0 un stage convivial, participatif et ludique !<\/p>\n<\/div><div class=\"fusion-clearfix\"><\/div><\/div><\/div><div class=\"fusion-layout-column fusion_builder_column fusion-builder-column-2 fusion_builder_column_1_3 1_3 fusion-one-third fusion-column-first fusion-no-small-visibility\" style=\"--awb-bg-size:cover;width:33.333333333333%;width:calc(33.333333333333% - ( ( 4% ) * 0.33333333333333 ) );margin-right: 4%;\"><div class=\"fusion-column-wrapper fusion-column-has-shadow fusion-flex-column-wrapper-legacy\"><div class=\"fusion-image-element in-legacy-container\" style=\"--awb-caption-title-font-family:var(--h2_typography-font-family);--awb-caption-title-font-weight:var(--h2_typography-font-weight);--awb-caption-title-font-style:var(--h2_typography-font-style);--awb-caption-title-size:var(--h2_typography-font-size);--awb-caption-title-transform:var(--h2_typography-text-transform);--awb-caption-title-line-height:var(--h2_typography-line-height);--awb-caption-title-letter-spacing:var(--h2_typography-letter-spacing);\"><span class=\" fusion-imageframe imageframe-none imageframe-1 hover-type-none\"><img decoding=\"async\" src=\"https:\/\/www.labeerfabrique.com\/paris-test\/wp-content\/uploads\/sites\/13\/2020\/03\/team-building-entreprise-brassage-vertical.jpg\" alt class=\"img-responsive\"\/><\/span><\/div><div class=\"fusion-clearfix\"><\/div><\/div><\/div><div class=\"fusion-layout-column fusion_builder_column fusion-builder-column-3 fusion_builder_column_2_3 2_3 fusion-two-third fusion-column-last\" style=\"--awb-bg-size:cover;width:66.666666666667%;width:calc(66.666666666667% - ( ( 4% ) * 0.66666666666667 ) );\"><div class=\"fusion-column-wrapper fusion-column-has-shadow fusion-flex-column-wrapper-legacy\">\n<div class=\"wpcf7 no-js\" id=\"wpcf7-f220476-o1\" lang=\"fr-FR\" dir=\"ltr\" data-wpcf7-id=\"220476\">\n<div class=\"screen-reader-response\"><p role=\"status\" aria-live=\"polite\" aria-atomic=\"true\"><\/p> <ul><\/ul><\/div>\n<form action=\"\/paris-bf\/wp-json\/wp\/v2\/pages\/220428#wpcf7-f220476-o1\" method=\"post\" class=\"wpcf7-form init\" aria-label=\"Formulaire de contact\" novalidate=\"novalidate\" data-status=\"init\">\n<div style=\"display: none;\">\n<input type=\"hidden\" name=\"_wpcf7\" value=\"220476\" \/>\n<input type=\"hidden\" name=\"_wpcf7_version\" value=\"6.0.6\" \/>\n<input type=\"hidden\" name=\"_wpcf7_locale\" value=\"fr_FR\" \/>\n<input type=\"hidden\" name=\"_wpcf7_unit_tag\" value=\"wpcf7-f220476-o1\" \/>\n<input type=\"hidden\" name=\"_wpcf7_container_post\" value=\"0\" \/>\n<input type=\"hidden\" name=\"_wpcf7_posted_data_hash\" value=\"\" \/>\n<input type=\"hidden\" name=\"_wpcf7_recaptcha_response\" value=\"\" \/>\n<\/div>\n<p>Quelle La Beer Fabrique voulez vous contactez (obligatoire) ?<br \/>\n<span class=\"wpcf7-form-control-wrap\" data-name=\"ville\"><select class=\"wpcf7-form-control wpcf7-select wpcf7-validates-as-required\" aria-required=\"true\" aria-invalid=\"false\" name=\"ville\"><option value=\"\">&#8212;Veuillez choisir une option&#8212;<\/option><option value=\"Paris\">Paris<\/option><option value=\"Lyon\">Lyon<\/option><\/select><\/span>\n<\/p>\n<div class=\"fusion-one-half one-half fusion-layout-column fusion-spacing-yes\">\n\t<p>Pr\u00e9nom (*)<br \/>\n<span class=\"wpcf7-form-control-wrap\" data-name=\"your-prenom\"><input size=\"40\" maxlength=\"400\" class=\"wpcf7-form-control wpcf7-text wpcf7-validates-as-required\" aria-required=\"true\" aria-invalid=\"false\" placeholder=\"Jean\" value=\"\" type=\"text\" name=\"your-prenom\" \/><\/span>\n\t<\/p>\n\t<p>Email (*)<br \/>\n<span class=\"wpcf7-form-control-wrap\" data-name=\"your-email\"><input size=\"40\" maxlength=\"400\" class=\"wpcf7-form-control wpcf7-email wpcf7-validates-as-required wpcf7-text wpcf7-validates-as-email\" aria-required=\"true\" aria-invalid=\"false\" placeholder=\"j.dupont@entreprise.com\" value=\"\" type=\"email\" name=\"your-email\" \/><\/span>\n\t<\/p>\n<\/div>\n<div class=\"fusion-one-half one-half fusion-layout-column fusion-spacing-yes fusion-column-last\">\n\t<p>Nom (*)<br \/>\n<span class=\"wpcf7-form-control-wrap\" data-name=\"your-name\"><input size=\"40\" maxlength=\"400\" class=\"wpcf7-form-control wpcf7-text wpcf7-validates-as-required\" aria-required=\"true\" aria-invalid=\"false\" placeholder=\"Dupont\" value=\"\" type=\"text\" name=\"your-name\" \/><\/span>\n\t<\/p>\n\t<p>T\u00e9l\u00e9phone<br \/>\n<span class=\"wpcf7-form-control-wrap\" data-name=\"your-phone\"><input size=\"40\" maxlength=\"400\" class=\"wpcf7-form-control wpcf7-text\" aria-invalid=\"false\" placeholder=\"01 23 23 72 72\" value=\"\" type=\"text\" name=\"your-phone\" \/><\/span>\n\t<\/p>\n<\/div>\n<p>Pr\u00e9cisez votre demande (*)<br \/>\n<span class=\"wpcf7-form-control-wrap\" data-name=\"your-message\"><textarea cols=\"40\" rows=\"10\" maxlength=\"2000\" class=\"wpcf7-form-control wpcf7-textarea wpcf7-validates-as-required\" aria-required=\"true\" aria-invalid=\"false\" placeholder=\"D\u00e9taillez votre projet le plus explicitement possible\" name=\"your-message\"><\/textarea><\/span>\n<\/p>\n<p><span class=\"wpcf7-form-control-wrap\" data-name=\"your-date\"><label><span class=\"wpcf7-quiz-label\">Question anti-spam : \u00e9crivez le mot BIERE ci-dessous<\/span> <input size=\"40\" class=\"wpcf7-form-control wpcf7-quiz\" autocomplete=\"off\" aria-required=\"true\" aria-invalid=\"false\" type=\"text\" name=\"your-date\" \/><\/label><input type=\"hidden\" name=\"_wpcf7_quiz_answer_your-date\" value=\"c49fe43f62fdd7b4bd38d8a341a1619b\" \/><\/span>\n<\/p>\n<p><input class=\"wpcf7-form-control wpcf7-submit has-spinner\" type=\"submit\" value=\"Envoyer\" \/>\n<\/p>\n<p style=\"font-size:12px;\">* : champs obligatoires\n<\/p><input type='hidden' class='wpcf7-pum' value='{\"closepopup\":false,\"closedelay\":0,\"openpopup\":false,\"openpopup_id\":0}' \/><div class=\"fusion-alert alert custom alert-custom fusion-alert-center wpcf7-response-output awb-alert-native-link-color alert-dismissable awb-alert-close-boxed\" style=\"--awb-border-size:1px;--awb-border-top-left-radius:0px;--awb-border-top-right-radius:0px;--awb-border-bottom-left-radius:0px;--awb-border-bottom-right-radius:0px;\" role=\"alert\"><div class=\"fusion-alert-content-wrapper\"><span class=\"fusion-alert-content\"><\/span><\/div><button type=\"button\" class=\"close toggle-alert\" data-dismiss=\"alert\" aria-label=\"Close\">&times;<\/button><\/div>\n<\/form>\n<\/div>\n<div class=\"fusion-clearfix\"><\/div><\/div><\/div><\/div><\/div><div class=\"fusion-fullwidth fullwidth-box fusion-builder-row-3 c-vierge nonhundred-percent-fullwidth non-hundred-percent-height-scrolling\" style=\"--awb-border-radius-top-left:0px;--awb-border-radius-top-right:0px;--awb-border-radius-bottom-right:0px;--awb-border-radius-bottom-left:0px;--awb-padding-top:30px;--awb-padding-bottom:0px;--awb-background-color:#ffffff;--awb-flex-wrap:wrap;\" ><div class=\"fusion-builder-row fusion-row\"><div class=\"fusion-layout-column fusion_builder_column fusion-builder-column-4 fusion_builder_column_1_2 1_2 fusion-one-half fusion-column-first\" style=\"--awb-bg-size:cover;--awb-margin-bottom:0px;width:50%;width:calc(50% - ( ( 4% ) * 0.5 ) );margin-right: 4%;\"><div class=\"fusion-column-wrapper fusion-column-has-shadow fusion-flex-column-wrapper-legacy\"><div class=\"fusion-text fusion-text-3\"><p class=\"text-left vert margin-bottom-10 margin-top-20\" style=\"font-size: 2em; line-height: 1.4em;\">La Beer Fabrique Paris<\/p>\n<p class=\"text-left margin-top-0\"><strong>Adresse Paris<\/strong> : 6 rue Guillaume Bertrand, 75011, Paris<br \/>\nEmail : labeerfabrique@lbf.beer<br \/>\nT\u00e9l : 01 71 27 71 02<\/p>\n<\/div><div class=\"fusion-text fusion-text-4\"><\/div><div class=\"fusion-clearfix\"><\/div><\/div><\/div><div class=\"fusion-layout-column fusion_builder_column fusion-builder-column-5 fusion_builder_column_1_2 1_2 fusion-one-half fusion-column-last\" style=\"--awb-bg-size:cover;--awb-margin-bottom:0px;width:50%;width:calc(50% - ( ( 4% ) * 0.5 ) );\"><div class=\"fusion-column-wrapper fusion-column-has-shadow fusion-flex-column-wrapper-legacy\"><div class=\"fusion-text fusion-text-5\"><p class=\"text-left vert margin-bottom-10 margin-top-20\" style=\"font-size: 2em; line-height: 1.4em;\">La Beer Fabrique Lyon<\/p>\n<p class=\"text-left margin-top-0\"><strong>Adresse Lyon<\/strong> : 10 rue Saint-Polycarpe, 69001, Lyon<br \/>\nEmail : labeerfabriquelyon@lbf.beer<br \/>\nT\u00e9l : 04 87 77 04 29<\/p>\n<\/div><div class=\"fusion-text fusion-text-6\"><\/div><div class=\"fusion-clearfix\"><\/div><\/div><\/div><\/div><\/div><\/p>\n","protected":false},"excerpt":{"rendered":"","protected":false},"author":112,"featured_media":0,"parent":0,"menu_order":0,"comment_status":"closed","ping_status":"closed","template":"","meta":{"_acf_changed":false,"inline_featured_image":false,"footnotes":""},"page_cat":[],"page_layout":[],"class_list":["post-220428","page","type-page","status-publish","hentry"],"acf":[],"yoast_head":"<!-- This site is optimized with the Yoast SEO plugin v25.0 - https:\/\/yoast.com\/wordpress\/plugins\/seo\/ -->\n<title>Contactez La Beer Fabrique Paris<\/title>\n<meta name=\"description\" content=\"Venez \u00e0 La Beer Fabrique pour fabriquer et embouteiller 30 bouteilles de votre propre bi\u00e8re artisanale. Brasser sa bi\u00e8re Paris c&#039;est possible !\" \/>\n<meta name=\"robots\" content=\"index, follow, max-snippet:-1, max-image-preview:large, max-video-preview:-1\" \/>\n<link rel=\"canonical\" href=\"https:\/\/www.labeerfabrique.com\/paris-bf\/contact\/\" \/>\n<meta property=\"og:locale\" content=\"fr_FR\" \/>\n<meta property=\"og:type\" content=\"article\" \/>\n<meta property=\"og:title\" content=\"Contactez La Beer Fabrique Paris\" \/>\n<meta property=\"og:description\" content=\"Venez \u00e0 La Beer Fabrique pour fabriquer et embouteiller 30 bouteilles de votre propre bi\u00e8re artisanale. Brasser sa bi\u00e8re Paris c&#039;est possible !\" \/>\n<meta property=\"og:url\" content=\"https:\/\/www.labeerfabrique.com\/paris-bf\/contact\/\" \/>\n<meta property=\"og:site_name\" content=\"La beer fabrique Paris\" \/>\n<meta property=\"article:publisher\" content=\"https:\/\/www.facebook.com\/labeerfabrique\/\" \/>\n<meta property=\"article:modified_time\" content=\"2025-03-05T15:49:17+00:00\" \/>\n<meta name=\"twitter:card\" content=\"summary_large_image\" \/>\n<meta name=\"twitter:site\" content=\"@beerfabrique\" \/>\n<script type=\"application\/ld+json\" class=\"yoast-schema-graph\">{\"@context\":\"https:\/\/schema.org\",\"@graph\":[{\"@type\":\"WebPage\",\"@id\":\"https:\/\/www.labeerfabrique.com\/paris-bf\/contact\/\",\"url\":\"https:\/\/www.labeerfabrique.com\/paris-bf\/contact\/\",\"name\":\"Contactez La Beer Fabrique Paris\",\"isPartOf\":{\"@id\":\"https:\/\/www.labeerfabrique.com\/paris-bf\/#website\"},\"datePublished\":\"2020-03-27T21:45:14+00:00\",\"dateModified\":\"2025-03-05T15:49:17+00:00\",\"description\":\"Venez \u00e0 La Beer Fabrique pour fabriquer et embouteiller 30 bouteilles de votre propre bi\u00e8re artisanale. Brasser sa bi\u00e8re Paris c'est possible !\",\"breadcrumb\":{\"@id\":\"https:\/\/www.labeerfabrique.com\/paris-bf\/contact\/#breadcrumb\"},\"inLanguage\":\"fr-FR\",\"potentialAction\":[{\"@type\":\"ReadAction\",\"target\":[\"https:\/\/www.labeerfabrique.com\/paris-bf\/contact\/\"]}]},{\"@type\":\"BreadcrumbList\",\"@id\":\"https:\/\/www.labeerfabrique.com\/paris-bf\/contact\/#breadcrumb\",\"itemListElement\":[{\"@type\":\"ListItem\",\"position\":1,\"name\":\"Accueil\",\"item\":\"https:\/\/www.labeerfabrique.com\/paris-bf\/\"},{\"@type\":\"ListItem\",\"position\":2,\"name\":\"Contact\"}]},{\"@type\":\"WebSite\",\"@id\":\"https:\/\/www.labeerfabrique.com\/paris-bf\/#website\",\"url\":\"https:\/\/www.labeerfabrique.com\/paris-bf\/\",\"name\":\"La beer fabrique Paris\",\"description\":\"Un site utilisant Les sites de La Beer Fabrique\",\"publisher\":{\"@id\":\"https:\/\/www.labeerfabrique.com\/paris-bf\/#organization\"},\"potentialAction\":[{\"@type\":\"SearchAction\",\"target\":{\"@type\":\"EntryPoint\",\"urlTemplate\":\"https:\/\/www.labeerfabrique.com\/paris-bf\/?s={search_term_string}\"},\"query-input\":{\"@type\":\"PropertyValueSpecification\",\"valueRequired\":true,\"valueName\":\"search_term_string\"}}],\"inLanguage\":\"fr-FR\"},{\"@type\":\"Organization\",\"@id\":\"https:\/\/www.labeerfabrique.com\/paris-bf\/#organization\",\"name\":\"La Beer Fabrique\",\"url\":\"https:\/\/www.labeerfabrique.com\/paris-bf\/\",\"logo\":{\"@type\":\"ImageObject\",\"inLanguage\":\"fr-FR\",\"@id\":\"https:\/\/www.labeerfabrique.com\/paris-bf\/#\/schema\/logo\/image\/\",\"url\":\"https:\/\/www.labeerfabrique.com\/paris-bf\/wp-content\/uploads\/sites\/13\/2018\/08\/LogoBF-021.png\",\"contentUrl\":\"https:\/\/www.labeerfabrique.com\/paris-bf\/wp-content\/uploads\/sites\/13\/2018\/08\/LogoBF-021.png\",\"width\":100,\"height\":100,\"caption\":\"La Beer Fabrique\"},\"image\":{\"@id\":\"https:\/\/www.labeerfabrique.com\/paris-bf\/#\/schema\/logo\/image\/\"},\"sameAs\":[\"https:\/\/www.facebook.com\/labeerfabrique\/\",\"https:\/\/x.com\/beerfabrique\",\"https:\/\/www.instagram.com\/beer_fabrique\/\"]}]}<\/script>\n<!-- \/ Yoast SEO plugin. -->","yoast_head_json":{"title":"Contactez La Beer Fabrique Paris","description":"Venez \u00e0 La Beer Fabrique pour fabriquer et embouteiller 30 bouteilles de votre propre bi\u00e8re artisanale. Brasser sa bi\u00e8re Paris c'est possible !","robots":{"index":"index","follow":"follow","max-snippet":"max-snippet:-1","max-image-preview":"max-image-preview:large","max-video-preview":"max-video-preview:-1"},"canonical":"https:\/\/www.labeerfabrique.com\/paris-bf\/contact\/","og_locale":"fr_FR","og_type":"article","og_title":"Contactez La Beer Fabrique Paris","og_description":"Venez \u00e0 La Beer Fabrique pour fabriquer et embouteiller 30 bouteilles de votre propre bi\u00e8re artisanale. Brasser sa bi\u00e8re Paris c'est possible !","og_url":"https:\/\/www.labeerfabrique.com\/paris-bf\/contact\/","og_site_name":"La beer fabrique Paris","article_publisher":"https:\/\/www.facebook.com\/labeerfabrique\/","article_modified_time":"2025-03-05T15:49:17+00:00","twitter_card":"summary_large_image","twitter_site":"@beerfabrique","schema":{"@context":"https:\/\/schema.org","@graph":[{"@type":"WebPage","@id":"https:\/\/www.labeerfabrique.com\/paris-bf\/contact\/","url":"https:\/\/www.labeerfabrique.com\/paris-bf\/contact\/","name":"Contactez La Beer Fabrique Paris","isPartOf":{"@id":"https:\/\/www.labeerfabrique.com\/paris-bf\/#website"},"datePublished":"2020-03-27T21:45:14+00:00","dateModified":"2025-03-05T15:49:17+00:00","description":"Venez \u00e0 La Beer Fabrique pour fabriquer et embouteiller 30 bouteilles de votre propre bi\u00e8re artisanale. Brasser sa bi\u00e8re Paris c'est possible !","breadcrumb":{"@id":"https:\/\/www.labeerfabrique.com\/paris-bf\/contact\/#breadcrumb"},"inLanguage":"fr-FR","potentialAction":[{"@type":"ReadAction","target":["https:\/\/www.labeerfabrique.com\/paris-bf\/contact\/"]}]},{"@type":"BreadcrumbList","@id":"https:\/\/www.labeerfabrique.com\/paris-bf\/contact\/#breadcrumb","itemListElement":[{"@type":"ListItem","position":1,"name":"Accueil","item":"https:\/\/www.labeerfabrique.com\/paris-bf\/"},{"@type":"ListItem","position":2,"name":"Contact"}]},{"@type":"WebSite","@id":"https:\/\/www.labeerfabrique.com\/paris-bf\/#website","url":"https:\/\/www.labeerfabrique.com\/paris-bf\/","name":"La beer fabrique Paris","description":"Un site utilisant Les sites de La Beer Fabrique","publisher":{"@id":"https:\/\/www.labeerfabrique.com\/paris-bf\/#organization"},"potentialAction":[{"@type":"SearchAction","target":{"@type":"EntryPoint","urlTemplate":"https:\/\/www.labeerfabrique.com\/paris-bf\/?s={search_term_string}"},"query-input":{"@type":"PropertyValueSpecification","valueRequired":true,"valueName":"search_term_string"}}],"inLanguage":"fr-FR"},{"@type":"Organization","@id":"https:\/\/www.labeerfabrique.com\/paris-bf\/#organization","name":"La Beer Fabrique","url":"https:\/\/www.labeerfabrique.com\/paris-bf\/","logo":{"@type":"ImageObject","inLanguage":"fr-FR","@id":"https:\/\/www.labeerfabrique.com\/paris-bf\/#\/schema\/logo\/image\/","url":"https:\/\/www.labeerfabrique.com\/paris-bf\/wp-content\/uploads\/sites\/13\/2018\/08\/LogoBF-021.png","contentUrl":"https:\/\/www.labeerfabrique.com\/paris-bf\/wp-content\/uploads\/sites\/13\/2018\/08\/LogoBF-021.png","width":100,"height":100,"caption":"La Beer Fabrique"},"image":{"@id":"https:\/\/www.labeerfabrique.com\/paris-bf\/#\/schema\/logo\/image\/"},"sameAs":["https:\/\/www.facebook.com\/labeerfabrique\/","https:\/\/x.com\/beerfabrique","https:\/\/www.instagram.com\/beer_fabrique\/"]}]}},"_links":{"self":[{"href":"https:\/\/www.labeerfabrique.com\/paris-bf\/wp-json\/wp\/v2\/pages\/220428","targetHints":{"allow":["GET"]}}],"collection":[{"href":"https:\/\/www.labeerfabrique.com\/paris-bf\/wp-json\/wp\/v2\/pages"}],"about":[{"href":"https:\/\/www.labeerfabrique.com\/paris-bf\/wp-json\/wp\/v2\/types\/page"}],"author":[{"embeddable":true,"href":"https:\/\/www.labeerfabrique.com\/paris-bf\/wp-json\/wp\/v2\/users\/112"}],"replies":[{"embeddable":true,"href":"https:\/\/www.labeerfabrique.com\/paris-bf\/wp-json\/wp\/v2\/comments?post=220428"}],"version-history":[{"count":0,"href":"https:\/\/www.labeerfabrique.com\/paris-bf\/wp-json\/wp\/v2\/pages\/220428\/revisions"}],"wp:attachment":[{"href":"https:\/\/www.labeerfabrique.com\/paris-bf\/wp-json\/wp\/v2\/media?parent=220428"}],"wp:term":[{"taxonomy":"page_cat","embeddable":true,"href":"https:\/\/www.labeerfabrique.com\/paris-bf\/wp-json\/wp\/v2\/page_cat?post=220428"},{"taxonomy":"page_layout","embeddable":true,"href":"https:\/\/www.labeerfabrique.com\/paris-bf\/wp-json\/wp\/v2\/page_layout?post=220428"}],"curies":[{"name":"wp","href":"https:\/\/api.w.org\/{rel}","templated":true}]}}