{"id":3158,"date":"2018-08-20T00:24:15","date_gmt":"2018-08-19T22:24:15","guid":{"rendered":"https:\/\/www.labeerfabrique.com\/?post_type=product&#038;p=3158"},"modified":"2025-11-26T17:11:00","modified_gmt":"2025-11-26T16:11:00","slug":"carte-cadeau-atelier-brassage","status":"publish","type":"product","link":"https:\/\/www.labeerfabrique.com\/paris-bf\/produit\/carte-cadeau-atelier-brassage\/","title":{"rendered":"Carte cadeau Atelier Brassage"},"content":{"rendered":"","protected":false},"excerpt":{"rendered":"<p>4h &#8211; 2 personnes &#8211; valable 1 an<\/p>\n<p><span class=\"prix-atelier\">160 \u20ac<\/span><\/p>\n<p class=\"margin-top-0 margin-bottom-0 text-left\">La carte cadeau pour l&rsquo;atelier \u00ab\u00a0MAITRE BRASSEUR\u00a0\u00bb (2 personnes, dur\u00e9e 4h) comprend :<\/p>\n<ul class=\"margin-top-5\">\n<li>S\u00e9lection de votre recette et fabrication de 15 litres de votre propre bi\u00e8re, \u00e9tape par \u00e9tape<\/li>\n<li>Initiation \u00e0 la bi\u00e9rologie : processus de fabrication d&rsquo;une bi\u00e8re et d\u00e9couverte de la bi\u00e8re artisanale et sa fabrication dans le monde et en France<\/li>\n<li>D\u00e9gustation comment\u00e9e de 6 styles de bi\u00e8res artisanales, au choix<\/li>\n<li>Chaque bin\u00f4me repartira avec 30 bouteilles de sa propre bi\u00e8re (soit 15 litres)<\/li>\n<li>Jours d&rsquo;atelier possibles : mardi, vendredi, samedi et dimanche<\/li>\n<\/ul>\n","protected":false},"featured_media":271592,"template":"","meta":{"_acf_changed":false,"inline_featured_image":false},"product_brand":[],"product_cat":[22],"product_tag":[],"class_list":{"0":"post-3158","1":"product","2":"type-product","3":"status-publish","4":"has-post-thumbnail","6":"product_cat-carte-cadeau-atelier-brassage-de-biere-paris","8":"first","9":"instock","10":"downloadable","11":"virtual","12":"taxable","13":"purchasable","14":"product-type-simple"},"exclude_global_add_ons":false,"addons":[{"name":"Option : venir \u00e0 3 personnes plut\u00f4t qu\u2019\u00e0 2","type":"checkbox","position":0,"required":false,"title_format":"label","default":"","description_enable":false,"description":"","placeholder_enable":false,"placeholder":"","display":"select","restrictions_type":"any_text","adjust_price":false,"price":"","price_type":"flat_fee","restrictions":false,"min":"0","max":"0","options":[{"label":"1 personne suppl\u00e9mentaire","price":"50","price_type":"flat_fee","image":0,"visibility":true}],"id":1756465918},{"name":"Option : repartir avec un pack de 4 bi\u00e8res parisiennes","type":"checkbox","position":1,"required":false,"title_format":"label","default":"","description_enable":false,"description":"","placeholder_enable":false,"placeholder":"","display":"select","restrictions_type":"any_text","adjust_price":false,"price":"","price_type":"flat_fee","restrictions":false,"min":"0","max":"0","options":[{"label":"Pack de 4 bi\u00e8res LBF (1 blonde, 1 blanche, 1 ambr\u00e9e, 1 IPA)","price":"10","price_type":"flat_fee","image":0,"visibility":true}],"id":1756465919}],"acf":[],"yoast_head":"<!-- This site is optimized with the Yoast SEO plugin v25.0 - https:\/\/yoast.com\/wordpress\/plugins\/seo\/ -->\n<title>Cadeau Atelier Brassage : brassez 15 litres de votre bi\u00e8re | Beer Fabrique<\/title>\n<meta name=\"description\" content=\"Offrez une carte cadeau atelier brassage : brassage de 15 litres de bi\u00e8re personnalis\u00e9e, d\u00e9couverte des secrets de brasseurs et d\u00e9gustation de 6 bi\u00e8res\" \/>\n<meta name=\"robots\" content=\"index, follow, max-snippet:-1, max-image-preview:large, max-video-preview:-1\" \/>\n<link rel=\"canonical\" href=\"https:\/\/www.labeerfabrique.com\/paris-bf\/produit\/carte-cadeau-atelier-brassage\/\" \/>\n<meta property=\"og:locale\" content=\"fr_FR\" \/>\n<meta property=\"og:type\" content=\"article\" \/>\n<meta property=\"og:title\" content=\"Cadeau Atelier Brassage : brassez 15 litres de votre bi\u00e8re | Beer Fabrique\" \/>\n<meta property=\"og:description\" content=\"Offrez une carte cadeau atelier brassage : brassage de 15 litres de bi\u00e8re personnalis\u00e9e, d\u00e9couverte des secrets de brasseurs et d\u00e9gustation de 6 bi\u00e8res\" \/>\n<meta property=\"og:url\" content=\"https:\/\/www.labeerfabrique.com\/paris-bf\/produit\/carte-cadeau-atelier-brassage\/\" \/>\n<meta property=\"og:site_name\" content=\"La beer fabrique Paris\" \/>\n<meta property=\"article:publisher\" content=\"https:\/\/www.facebook.com\/labeerfabrique\/\" \/>\n<meta property=\"article:modified_time\" content=\"2025-11-26T16:11:00+00:00\" \/>\n<meta property=\"og:image\" content=\"https:\/\/www.labeerfabrique.com\/paris-bf\/wp-content\/uploads\/sites\/13\/2018\/08\/Bon-cadeau-4h-min-1.jpg\" \/>\n\t<meta property=\"og:image:width\" content=\"200\" \/>\n\t<meta property=\"og:image:height\" content=\"200\" \/>\n\t<meta property=\"og:image:type\" content=\"image\/jpeg\" \/>\n<meta name=\"twitter:card\" content=\"summary_large_image\" \/>\n<meta name=\"twitter:site\" content=\"@beerfabrique\" \/>\n<meta name=\"twitter:label1\" content=\"Dur\u00e9e de lecture estim\u00e9e\" \/>\n\t<meta name=\"twitter:data1\" content=\"1 minute\" \/>\n<script type=\"application\/ld+json\" class=\"yoast-schema-graph\">{\"@context\":\"https:\/\/schema.org\",\"@graph\":[{\"@type\":\"WebPage\",\"@id\":\"https:\/\/www.labeerfabrique.com\/paris-bf\/produit\/carte-cadeau-atelier-brassage\/\",\"url\":\"https:\/\/www.labeerfabrique.com\/paris-bf\/produit\/carte-cadeau-atelier-brassage\/\",\"name\":\"Cadeau Atelier Brassage : brassez 15 litres de votre bi\u00e8re | Beer Fabrique\",\"isPartOf\":{\"@id\":\"https:\/\/www.labeerfabrique.com\/paris-bf\/#website\"},\"primaryImageOfPage\":{\"@id\":\"https:\/\/www.labeerfabrique.com\/paris-bf\/produit\/carte-cadeau-atelier-brassage\/#primaryimage\"},\"image\":{\"@id\":\"https:\/\/www.labeerfabrique.com\/paris-bf\/produit\/carte-cadeau-atelier-brassage\/#primaryimage\"},\"thumbnailUrl\":\"https:\/\/www.labeerfabrique.com\/paris-bf\/wp-content\/uploads\/sites\/13\/2018\/08\/Bon-cadeau-4h-min-1.jpg\",\"datePublished\":\"2018-08-19T22:24:15+00:00\",\"dateModified\":\"2025-11-26T16:11:00+00:00\",\"description\":\"Offrez une carte cadeau atelier brassage : brassage de 15 litres de bi\u00e8re personnalis\u00e9e, d\u00e9couverte des secrets de brasseurs et d\u00e9gustation de 6 bi\u00e8res\",\"breadcrumb\":{\"@id\":\"https:\/\/www.labeerfabrique.com\/paris-bf\/produit\/carte-cadeau-atelier-brassage\/#breadcrumb\"},\"inLanguage\":\"fr-FR\",\"potentialAction\":[{\"@type\":\"ReadAction\",\"target\":[\"https:\/\/www.labeerfabrique.com\/paris-bf\/produit\/carte-cadeau-atelier-brassage\/\"]}]},{\"@type\":\"ImageObject\",\"inLanguage\":\"fr-FR\",\"@id\":\"https:\/\/www.labeerfabrique.com\/paris-bf\/produit\/carte-cadeau-atelier-brassage\/#primaryimage\",\"url\":\"https:\/\/www.labeerfabrique.com\/paris-bf\/wp-content\/uploads\/sites\/13\/2018\/08\/Bon-cadeau-4h-min-1.jpg\",\"contentUrl\":\"https:\/\/www.labeerfabrique.com\/paris-bf\/wp-content\/uploads\/sites\/13\/2018\/08\/Bon-cadeau-4h-min-1.jpg\",\"width\":200,\"height\":200},{\"@type\":\"BreadcrumbList\",\"@id\":\"https:\/\/www.labeerfabrique.com\/paris-bf\/produit\/carte-cadeau-atelier-brassage\/#breadcrumb\",\"itemListElement\":[{\"@type\":\"ListItem\",\"position\":1,\"name\":\"Accueil\",\"item\":\"https:\/\/www.labeerfabrique.com\/paris-bf\/\"},{\"@type\":\"ListItem\",\"position\":2,\"name\":\"Produits\",\"item\":\"https:\/\/www.labeerfabrique.com\/paris-bf\/boutique\/\"},{\"@type\":\"ListItem\",\"position\":3,\"name\":\"Carte cadeau Atelier Brassage\"}]},{\"@type\":\"WebSite\",\"@id\":\"https:\/\/www.labeerfabrique.com\/paris-bf\/#website\",\"url\":\"https:\/\/www.labeerfabrique.com\/paris-bf\/\",\"name\":\"La beer fabrique Paris\",\"description\":\"Un site utilisant Les sites de La Beer Fabrique\",\"publisher\":{\"@id\":\"https:\/\/www.labeerfabrique.com\/paris-bf\/#organization\"},\"potentialAction\":[{\"@type\":\"SearchAction\",\"target\":{\"@type\":\"EntryPoint\",\"urlTemplate\":\"https:\/\/www.labeerfabrique.com\/paris-bf\/?s={search_term_string}\"},\"query-input\":{\"@type\":\"PropertyValueSpecification\",\"valueRequired\":true,\"valueName\":\"search_term_string\"}}],\"inLanguage\":\"fr-FR\"},{\"@type\":\"Organization\",\"@id\":\"https:\/\/www.labeerfabrique.com\/paris-bf\/#organization\",\"name\":\"La Beer Fabrique\",\"url\":\"https:\/\/www.labeerfabrique.com\/paris-bf\/\",\"logo\":{\"@type\":\"ImageObject\",\"inLanguage\":\"fr-FR\",\"@id\":\"https:\/\/www.labeerfabrique.com\/paris-bf\/#\/schema\/logo\/image\/\",\"url\":\"https:\/\/www.labeerfabrique.com\/paris-bf\/wp-content\/uploads\/sites\/13\/2018\/08\/LogoBF-021.png\",\"contentUrl\":\"https:\/\/www.labeerfabrique.com\/paris-bf\/wp-content\/uploads\/sites\/13\/2018\/08\/LogoBF-021.png\",\"width\":100,\"height\":100,\"caption\":\"La Beer Fabrique\"},\"image\":{\"@id\":\"https:\/\/www.labeerfabrique.com\/paris-bf\/#\/schema\/logo\/image\/\"},\"sameAs\":[\"https:\/\/www.facebook.com\/labeerfabrique\/\",\"https:\/\/x.com\/beerfabrique\",\"https:\/\/www.instagram.com\/beer_fabrique\/\"]}]}<\/script>\n<!-- \/ Yoast SEO plugin. -->","yoast_head_json":{"title":"Cadeau Atelier Brassage : brassez 15 litres de votre bi\u00e8re | Beer Fabrique","description":"Offrez une carte cadeau atelier brassage : brassage de 15 litres de bi\u00e8re personnalis\u00e9e, d\u00e9couverte des secrets de brasseurs et d\u00e9gustation de 6 bi\u00e8res","robots":{"index":"index","follow":"follow","max-snippet":"max-snippet:-1","max-image-preview":"max-image-preview:large","max-video-preview":"max-video-preview:-1"},"canonical":"https:\/\/www.labeerfabrique.com\/paris-bf\/produit\/carte-cadeau-atelier-brassage\/","og_locale":"fr_FR","og_type":"article","og_title":"Cadeau Atelier Brassage : brassez 15 litres de votre bi\u00e8re | Beer Fabrique","og_description":"Offrez une carte cadeau atelier brassage : brassage de 15 litres de bi\u00e8re personnalis\u00e9e, d\u00e9couverte des secrets de brasseurs et d\u00e9gustation de 6 bi\u00e8res","og_url":"https:\/\/www.labeerfabrique.com\/paris-bf\/produit\/carte-cadeau-atelier-brassage\/","og_site_name":"La beer fabrique Paris","article_publisher":"https:\/\/www.facebook.com\/labeerfabrique\/","article_modified_time":"2025-11-26T16:11:00+00:00","og_image":[{"width":200,"height":200,"url":"https:\/\/www.labeerfabrique.com\/paris-bf\/wp-content\/uploads\/sites\/13\/2018\/08\/Bon-cadeau-4h-min-1.jpg","type":"image\/jpeg"}],"twitter_card":"summary_large_image","twitter_site":"@beerfabrique","twitter_misc":{"Dur\u00e9e de lecture estim\u00e9e":"1 minute"},"schema":{"@context":"https:\/\/schema.org","@graph":[{"@type":"WebPage","@id":"https:\/\/www.labeerfabrique.com\/paris-bf\/produit\/carte-cadeau-atelier-brassage\/","url":"https:\/\/www.labeerfabrique.com\/paris-bf\/produit\/carte-cadeau-atelier-brassage\/","name":"Cadeau Atelier Brassage : brassez 15 litres de votre bi\u00e8re | Beer Fabrique","isPartOf":{"@id":"https:\/\/www.labeerfabrique.com\/paris-bf\/#website"},"primaryImageOfPage":{"@id":"https:\/\/www.labeerfabrique.com\/paris-bf\/produit\/carte-cadeau-atelier-brassage\/#primaryimage"},"image":{"@id":"https:\/\/www.labeerfabrique.com\/paris-bf\/produit\/carte-cadeau-atelier-brassage\/#primaryimage"},"thumbnailUrl":"https:\/\/www.labeerfabrique.com\/paris-bf\/wp-content\/uploads\/sites\/13\/2018\/08\/Bon-cadeau-4h-min-1.jpg","datePublished":"2018-08-19T22:24:15+00:00","dateModified":"2025-11-26T16:11:00+00:00","description":"Offrez une carte cadeau atelier brassage : brassage de 15 litres de bi\u00e8re personnalis\u00e9e, d\u00e9couverte des secrets de brasseurs et d\u00e9gustation de 6 bi\u00e8res","breadcrumb":{"@id":"https:\/\/www.labeerfabrique.com\/paris-bf\/produit\/carte-cadeau-atelier-brassage\/#breadcrumb"},"inLanguage":"fr-FR","potentialAction":[{"@type":"ReadAction","target":["https:\/\/www.labeerfabrique.com\/paris-bf\/produit\/carte-cadeau-atelier-brassage\/"]}]},{"@type":"ImageObject","inLanguage":"fr-FR","@id":"https:\/\/www.labeerfabrique.com\/paris-bf\/produit\/carte-cadeau-atelier-brassage\/#primaryimage","url":"https:\/\/www.labeerfabrique.com\/paris-bf\/wp-content\/uploads\/sites\/13\/2018\/08\/Bon-cadeau-4h-min-1.jpg","contentUrl":"https:\/\/www.labeerfabrique.com\/paris-bf\/wp-content\/uploads\/sites\/13\/2018\/08\/Bon-cadeau-4h-min-1.jpg","width":200,"height":200},{"@type":"BreadcrumbList","@id":"https:\/\/www.labeerfabrique.com\/paris-bf\/produit\/carte-cadeau-atelier-brassage\/#breadcrumb","itemListElement":[{"@type":"ListItem","position":1,"name":"Accueil","item":"https:\/\/www.labeerfabrique.com\/paris-bf\/"},{"@type":"ListItem","position":2,"name":"Produits","item":"https:\/\/www.labeerfabrique.com\/paris-bf\/boutique\/"},{"@type":"ListItem","position":3,"name":"Carte cadeau Atelier Brassage"}]},{"@type":"WebSite","@id":"https:\/\/www.labeerfabrique.com\/paris-bf\/#website","url":"https:\/\/www.labeerfabrique.com\/paris-bf\/","name":"La beer fabrique Paris","description":"Un site utilisant Les sites de La Beer Fabrique","publisher":{"@id":"https:\/\/www.labeerfabrique.com\/paris-bf\/#organization"},"potentialAction":[{"@type":"SearchAction","target":{"@type":"EntryPoint","urlTemplate":"https:\/\/www.labeerfabrique.com\/paris-bf\/?s={search_term_string}"},"query-input":{"@type":"PropertyValueSpecification","valueRequired":true,"valueName":"search_term_string"}}],"inLanguage":"fr-FR"},{"@type":"Organization","@id":"https:\/\/www.labeerfabrique.com\/paris-bf\/#organization","name":"La Beer Fabrique","url":"https:\/\/www.labeerfabrique.com\/paris-bf\/","logo":{"@type":"ImageObject","inLanguage":"fr-FR","@id":"https:\/\/www.labeerfabrique.com\/paris-bf\/#\/schema\/logo\/image\/","url":"https:\/\/www.labeerfabrique.com\/paris-bf\/wp-content\/uploads\/sites\/13\/2018\/08\/LogoBF-021.png","contentUrl":"https:\/\/www.labeerfabrique.com\/paris-bf\/wp-content\/uploads\/sites\/13\/2018\/08\/LogoBF-021.png","width":100,"height":100,"caption":"La Beer Fabrique"},"image":{"@id":"https:\/\/www.labeerfabrique.com\/paris-bf\/#\/schema\/logo\/image\/"},"sameAs":["https:\/\/www.facebook.com\/labeerfabrique\/","https:\/\/x.com\/beerfabrique","https:\/\/www.instagram.com\/beer_fabrique\/"]}]}},"_links":{"self":[{"href":"https:\/\/www.labeerfabrique.com\/paris-bf\/wp-json\/wp\/v2\/product\/3158","targetHints":{"allow":["GET"]}}],"collection":[{"href":"https:\/\/www.labeerfabrique.com\/paris-bf\/wp-json\/wp\/v2\/product"}],"about":[{"href":"https:\/\/www.labeerfabrique.com\/paris-bf\/wp-json\/wp\/v2\/types\/product"}],"wp:featuredmedia":[{"embeddable":true,"href":"https:\/\/www.labeerfabrique.com\/paris-bf\/wp-json\/wp\/v2\/media\/271592"}],"wp:attachment":[{"href":"https:\/\/www.labeerfabrique.com\/paris-bf\/wp-json\/wp\/v2\/media?parent=3158"}],"wp:term":[{"taxonomy":"product_brand","embeddable":true,"href":"https:\/\/www.labeerfabrique.com\/paris-bf\/wp-json\/wp\/v2\/product_brand?post=3158"},{"taxonomy":"product_cat","embeddable":true,"href":"https:\/\/www.labeerfabrique.com\/paris-bf\/wp-json\/wp\/v2\/product_cat?post=3158"},{"taxonomy":"product_tag","embeddable":true,"href":"https:\/\/www.labeerfabrique.com\/paris-bf\/wp-json\/wp\/v2\/product_tag?post=3158"}],"curies":[{"name":"wp","href":"https:\/\/api.w.org\/{rel}","templated":true}]}}