{"id":214862,"date":"2020-01-30T17:17:22","date_gmt":"2020-01-30T16:17:22","guid":{"rendered":"https:\/\/anaelle.entroisclics.com\/?post_type=product&#038;p=214862"},"modified":"2026-05-02T14:48:32","modified_gmt":"2026-05-02T12:48:32","slug":"atelier-maitre-brasseur-1","status":"publish","type":"product","link":"https:\/\/www.labeerfabrique.com\/toulouse\/produit\/atelier-maitre-brasseur-1\/","title":{"rendered":"Atelier maitre brasseur 1"},"content":{"rendered":"<div class=\"fusion-fullwidth fullwidth-box fusion-builder-row-1 nonhundred-percent-fullwidth non-hundred-percent-height-scrolling\" style=\"--awb-border-radius-top-left:0px;--awb-border-radius-top-right:0px;--awb-border-radius-bottom-right:0px;--awb-border-radius-bottom-left:0px;--awb-flex-wrap:wrap;\" ><div class=\"fusion-builder-row fusion-row\"><div class=\"fusion-layout-column fusion_builder_column fusion-builder-column-0 fusion_builder_column_1_1 1_1 fusion-one-full fusion-column-first fusion-column-last\" style=\"--awb-bg-size:cover;--awb-margin-bottom:0px;\"><div class=\"fusion-column-wrapper fusion-flex-column-wrapper-legacy\"><div class=\"fusion-text fusion-text-1\"><p class=\"margin-top-0 margin-bottom-0 bold\">Atelier brassage<\/p>\n<p>Venez tout apprendre sur la bi\u00e8re artisanale et le brassage et fabriquer 15 litres de votre propre bi\u00e8re artisanale<br \/>\n(Pour 2 personnes &#8211; en semaine et le week-end)<\/p>\n<p>&#8211; S\u00e9lection de votre recette et brassage de 15 litres de votre propre bi\u00e8re, parmi 7 recettes au choix<br \/>\n&#8211; Initiation \u00e0 la bi\u00e9rologie : processus de fabrication d&rsquo;une bi\u00e8re et d\u00e9couverte de la bi\u00e8re artisanale et sa fabrication dans le monde et en France<br \/>\n&#8211; D\u00e9gustation comment\u00e9e de 6 styles de bi\u00e8res artisanales, au choix<br \/>\n&#8211; Chaque bin\u00f4me repartira avec 30 bouteilles de sa propre bi\u00e8re (soit 15 litres)<\/p>\n<p class=\"margin-top-0 margin-bottom-0 underline\"><a href=\"https:\/\/anaelle.entroisclics.com\/documents\/Programme-detaille-atelier-4h.pdf\" target=\"_blank\" rel=\"noopener noreferrer\">Cliquez ici pour voir le programme d\u00e9taill\u00e9 de l&rsquo;atelier maitre brasseur en format pdf<\/a><\/p>\n<p class=\"margin-top-10 margin-bottom-0 bold\">L&rsquo;atelier brassage aura lieu \u00e0 l&rsquo;adresse suivante : 6 rue Guillaume Bertrand, 75011, Paris<\/p>\n<\/div><div class=\"fusion-clearfix\"><\/div><\/div><\/div><\/div><\/div>\n","protected":false},"excerpt":{"rendered":"<p class=\"description-atelier\">4h &#8211; 2 personnes<\/p>\n<p class=\"text-center\"><span class=\"woocommerce-Price-amount\">160,00 \u20ac<\/span><\/p>\n<p class=\"margin-top-0 margin-bottom-0 text-center\">S\u00e9lectionnez une date de r\u00e9servation ci-dessous pour r\u00e9server votre stage brassage bi\u00e8re \u00e0 Paris<\/p>\n","protected":false},"featured_media":0,"comment_status":"closed","ping_status":"closed","template":"","meta":{"_acf_changed":false,"inline_featured_image":false},"product_brand":[],"product_cat":[41],"product_tag":[],"class_list":{"0":"post-214862","1":"product","2":"type-product","3":"status-publish","5":"product_cat-atelier","7":"first","8":"instock","9":"virtual","10":"taxable","11":"purchasable","12":"product-type-appointment"},"exclude_global_add_ons":false,"addons":[{"name":"Option : venir \u00e0 3 personnes plut\u00f4t qu'\u00e0 2","type":"checkbox","position":0,"required":false,"title_format":"label","default":"","description_enable":false,"description":"","placeholder_enable":false,"placeholder":"","display":"select","restrictions_type":"any_text","adjust_price":false,"price":"","price_type":"flat_fee","restrictions":false,"min":"0","max":"0","options":[{"label":"1 personne suppl\u00e9mentaire","price":"50","price_type":"flat_fee","image":0,"visibility":true}],"id":1721845768},{"name":"Embouteillage","type":"checkbox","position":1,"required":true,"title_format":"label","default":"","description_enable":false,"description":"","placeholder_enable":false,"placeholder":"","display":"select","restrictions_type":"any_text","adjust_price":false,"price":"","price_type":"flat_fee","restrictions":false,"min":"0","max":"0","options":[{"label":"J'ai compris qu'il faudra revenir 2 semaines apr\u00e8s l'atelier pour embouteiller mes bi\u00e8res","price":"","price_type":"flat_fee","image":0,"visibility":true}],"id":1721845769},{"name":"Droit \u00e0 l'image","type":"checkbox","position":2,"required":false,"title_format":"label","default":"","description_enable":false,"description":"","placeholder_enable":false,"placeholder":"","display":"select","restrictions_type":"any_text","adjust_price":false,"price":"","price_type":"flat_fee","restrictions":false,"min":"0","max":"0","options":[{"label":"J'autorise La Beer Fabrique Toulouse \u00e0 prendre des photos lors de l'atelier et \u00e0 les publier sur les r\u00e9seaux sociaux.","price":"","price_type":"flat_fee","image":0,"visibility":true}],"id":1721845770}],"acf":[],"yoast_head":"<!-- This site is optimized with the Yoast SEO plugin v25.0 - https:\/\/yoast.com\/wordpress\/plugins\/seo\/ -->\n<title>Atelier Brassage : l&#039;atelier pour fabriquer sa propre bi\u00e8re | Beer Fabrique<\/title>\n<meta name=\"description\" content=\"Venez \u00e0 La Beer Fabrique participer \u00e0 un atelier brassage, tout apprendre sur la bi\u00e8re artisanale et fabriquer 15 litres de votre propre bi\u00e8re\" \/>\n<meta name=\"robots\" content=\"noindex, follow\" \/>\n<meta property=\"og:locale\" content=\"fr_FR\" \/>\n<meta property=\"og:type\" content=\"article\" \/>\n<meta property=\"og:title\" content=\"Atelier Brassage : l&#039;atelier pour fabriquer sa propre bi\u00e8re | Beer Fabrique\" \/>\n<meta property=\"og:description\" content=\"Venez \u00e0 La Beer Fabrique participer \u00e0 un atelier brassage, tout apprendre sur la bi\u00e8re artisanale et fabriquer 15 litres de votre propre bi\u00e8re\" \/>\n<meta property=\"og:url\" content=\"https:\/\/www.labeerfabrique.com\/toulouse\/produit\/atelier-maitre-brasseur-1\/\" \/>\n<meta property=\"og:site_name\" content=\"La beer fabrique Toulouse\" \/>\n<meta property=\"article:publisher\" content=\"https:\/\/www.facebook.com\/labeerfabrique\/\" \/>\n<meta property=\"article:modified_time\" content=\"2026-05-02T12:48:32+00:00\" \/>\n<meta property=\"og:image\" content=\"https:\/\/www.labeerfabrique.com\/toulouse\/wp-content\/uploads\/sites\/6\/2019\/07\/team-building-maitre-brasseur-min.jpg\" \/>\n\t<meta property=\"og:image:width\" content=\"1100\" \/>\n\t<meta property=\"og:image:height\" content=\"733\" \/>\n\t<meta property=\"og:image:type\" content=\"image\/jpeg\" \/>\n<meta name=\"twitter:card\" content=\"summary_large_image\" \/>\n<meta name=\"twitter:site\" content=\"@beerfabrique\" \/>\n<meta name=\"twitter:label1\" content=\"Dur\u00e9e de lecture estim\u00e9e\" \/>\n\t<meta name=\"twitter:data1\" content=\"1 minute\" \/>\n<script type=\"application\/ld+json\" class=\"yoast-schema-graph\">{\"@context\":\"https:\/\/schema.org\",\"@graph\":[{\"@type\":\"WebPage\",\"@id\":\"https:\/\/www.labeerfabrique.com\/toulouse\/produit\/atelier-maitre-brasseur-1\/\",\"url\":\"https:\/\/www.labeerfabrique.com\/toulouse\/produit\/atelier-maitre-brasseur-1\/\",\"name\":\"Atelier Brassage : l'atelier pour fabriquer sa propre bi\u00e8re | Beer Fabrique\",\"isPartOf\":{\"@id\":\"https:\/\/www.labeerfabrique.com\/toulouse\/#website\"},\"datePublished\":\"2020-01-30T16:17:22+00:00\",\"dateModified\":\"2026-05-02T12:48:32+00:00\",\"description\":\"Venez \u00e0 La Beer Fabrique participer \u00e0 un atelier brassage, tout apprendre sur la bi\u00e8re artisanale et fabriquer 15 litres de votre propre bi\u00e8re\",\"breadcrumb\":{\"@id\":\"https:\/\/www.labeerfabrique.com\/toulouse\/produit\/atelier-maitre-brasseur-1\/#breadcrumb\"},\"inLanguage\":\"fr-FR\",\"potentialAction\":[{\"@type\":\"ReadAction\",\"target\":[\"https:\/\/www.labeerfabrique.com\/toulouse\/produit\/atelier-maitre-brasseur-1\/\"]}]},{\"@type\":\"BreadcrumbList\",\"@id\":\"https:\/\/www.labeerfabrique.com\/toulouse\/produit\/atelier-maitre-brasseur-1\/#breadcrumb\",\"itemListElement\":[{\"@type\":\"ListItem\",\"position\":1,\"name\":\"Accueil\",\"item\":\"https:\/\/www.labeerfabrique.com\/toulouse\/\"},{\"@type\":\"ListItem\",\"position\":2,\"name\":\"Produits\",\"item\":\"https:\/\/www.labeerfabrique.com\/toulouse\/boutique\/\"},{\"@type\":\"ListItem\",\"position\":3,\"name\":\"Atelier maitre brasseur 1\"}]},{\"@type\":\"WebSite\",\"@id\":\"https:\/\/www.labeerfabrique.com\/toulouse\/#website\",\"url\":\"https:\/\/www.labeerfabrique.com\/toulouse\/\",\"name\":\"La beer fabrique Toulouse\",\"description\":\"Un site utilisant Les sites de La Beer Fabrique\",\"publisher\":{\"@id\":\"https:\/\/www.labeerfabrique.com\/toulouse\/#organization\"},\"potentialAction\":[{\"@type\":\"SearchAction\",\"target\":{\"@type\":\"EntryPoint\",\"urlTemplate\":\"https:\/\/www.labeerfabrique.com\/toulouse\/?s={search_term_string}\"},\"query-input\":{\"@type\":\"PropertyValueSpecification\",\"valueRequired\":true,\"valueName\":\"search_term_string\"}}],\"inLanguage\":\"fr-FR\"},{\"@type\":\"Organization\",\"@id\":\"https:\/\/www.labeerfabrique.com\/toulouse\/#organization\",\"name\":\"La Beer Fabrique\",\"url\":\"https:\/\/www.labeerfabrique.com\/toulouse\/\",\"logo\":{\"@type\":\"ImageObject\",\"inLanguage\":\"fr-FR\",\"@id\":\"https:\/\/www.labeerfabrique.com\/toulouse\/#\/schema\/logo\/image\/\",\"url\":\"https:\/\/www.labeerfabrique.com\/toulouse\/wp-content\/uploads\/sites\/6\/2018\/08\/LogoBF-021.png\",\"contentUrl\":\"https:\/\/www.labeerfabrique.com\/toulouse\/wp-content\/uploads\/sites\/6\/2018\/08\/LogoBF-021.png\",\"width\":100,\"height\":100,\"caption\":\"La Beer Fabrique\"},\"image\":{\"@id\":\"https:\/\/www.labeerfabrique.com\/toulouse\/#\/schema\/logo\/image\/\"},\"sameAs\":[\"https:\/\/www.facebook.com\/labeerfabrique\/\",\"https:\/\/x.com\/beerfabrique\",\"https:\/\/www.instagram.com\/beer_fabrique\/\"]}]}<\/script>\n<!-- \/ Yoast SEO plugin. -->","yoast_head_json":{"title":"Atelier Brassage : l'atelier pour fabriquer sa propre bi\u00e8re | Beer Fabrique","description":"Venez \u00e0 La Beer Fabrique participer \u00e0 un atelier brassage, tout apprendre sur la bi\u00e8re artisanale et fabriquer 15 litres de votre propre bi\u00e8re","robots":{"index":"noindex","follow":"follow"},"og_locale":"fr_FR","og_type":"article","og_title":"Atelier Brassage : l'atelier pour fabriquer sa propre bi\u00e8re | Beer Fabrique","og_description":"Venez \u00e0 La Beer Fabrique participer \u00e0 un atelier brassage, tout apprendre sur la bi\u00e8re artisanale et fabriquer 15 litres de votre propre bi\u00e8re","og_url":"https:\/\/www.labeerfabrique.com\/toulouse\/produit\/atelier-maitre-brasseur-1\/","og_site_name":"La beer fabrique Toulouse","article_publisher":"https:\/\/www.facebook.com\/labeerfabrique\/","article_modified_time":"2026-05-02T12:48:32+00:00","og_image":[{"width":1100,"height":733,"url":"https:\/\/www.labeerfabrique.com\/toulouse\/wp-content\/uploads\/sites\/6\/2019\/07\/team-building-maitre-brasseur-min.jpg","type":"image\/jpeg"}],"twitter_card":"summary_large_image","twitter_site":"@beerfabrique","twitter_misc":{"Dur\u00e9e de lecture estim\u00e9e":"1 minute"},"schema":{"@context":"https:\/\/schema.org","@graph":[{"@type":"WebPage","@id":"https:\/\/www.labeerfabrique.com\/toulouse\/produit\/atelier-maitre-brasseur-1\/","url":"https:\/\/www.labeerfabrique.com\/toulouse\/produit\/atelier-maitre-brasseur-1\/","name":"Atelier Brassage : l'atelier pour fabriquer sa propre bi\u00e8re | Beer Fabrique","isPartOf":{"@id":"https:\/\/www.labeerfabrique.com\/toulouse\/#website"},"datePublished":"2020-01-30T16:17:22+00:00","dateModified":"2026-05-02T12:48:32+00:00","description":"Venez \u00e0 La Beer Fabrique participer \u00e0 un atelier brassage, tout apprendre sur la bi\u00e8re artisanale et fabriquer 15 litres de votre propre bi\u00e8re","breadcrumb":{"@id":"https:\/\/www.labeerfabrique.com\/toulouse\/produit\/atelier-maitre-brasseur-1\/#breadcrumb"},"inLanguage":"fr-FR","potentialAction":[{"@type":"ReadAction","target":["https:\/\/www.labeerfabrique.com\/toulouse\/produit\/atelier-maitre-brasseur-1\/"]}]},{"@type":"BreadcrumbList","@id":"https:\/\/www.labeerfabrique.com\/toulouse\/produit\/atelier-maitre-brasseur-1\/#breadcrumb","itemListElement":[{"@type":"ListItem","position":1,"name":"Accueil","item":"https:\/\/www.labeerfabrique.com\/toulouse\/"},{"@type":"ListItem","position":2,"name":"Produits","item":"https:\/\/www.labeerfabrique.com\/toulouse\/boutique\/"},{"@type":"ListItem","position":3,"name":"Atelier maitre brasseur 1"}]},{"@type":"WebSite","@id":"https:\/\/www.labeerfabrique.com\/toulouse\/#website","url":"https:\/\/www.labeerfabrique.com\/toulouse\/","name":"La beer fabrique Toulouse","description":"Un site utilisant Les sites de La Beer Fabrique","publisher":{"@id":"https:\/\/www.labeerfabrique.com\/toulouse\/#organization"},"potentialAction":[{"@type":"SearchAction","target":{"@type":"EntryPoint","urlTemplate":"https:\/\/www.labeerfabrique.com\/toulouse\/?s={search_term_string}"},"query-input":{"@type":"PropertyValueSpecification","valueRequired":true,"valueName":"search_term_string"}}],"inLanguage":"fr-FR"},{"@type":"Organization","@id":"https:\/\/www.labeerfabrique.com\/toulouse\/#organization","name":"La Beer Fabrique","url":"https:\/\/www.labeerfabrique.com\/toulouse\/","logo":{"@type":"ImageObject","inLanguage":"fr-FR","@id":"https:\/\/www.labeerfabrique.com\/toulouse\/#\/schema\/logo\/image\/","url":"https:\/\/www.labeerfabrique.com\/toulouse\/wp-content\/uploads\/sites\/6\/2018\/08\/LogoBF-021.png","contentUrl":"https:\/\/www.labeerfabrique.com\/toulouse\/wp-content\/uploads\/sites\/6\/2018\/08\/LogoBF-021.png","width":100,"height":100,"caption":"La Beer Fabrique"},"image":{"@id":"https:\/\/www.labeerfabrique.com\/toulouse\/#\/schema\/logo\/image\/"},"sameAs":["https:\/\/www.facebook.com\/labeerfabrique\/","https:\/\/x.com\/beerfabrique","https:\/\/www.instagram.com\/beer_fabrique\/"]}]}},"_links":{"self":[{"href":"https:\/\/www.labeerfabrique.com\/toulouse\/wp-json\/wp\/v2\/product\/214862","targetHints":{"allow":["GET"]}}],"collection":[{"href":"https:\/\/www.labeerfabrique.com\/toulouse\/wp-json\/wp\/v2\/product"}],"about":[{"href":"https:\/\/www.labeerfabrique.com\/toulouse\/wp-json\/wp\/v2\/types\/product"}],"replies":[{"embeddable":true,"href":"https:\/\/www.labeerfabrique.com\/toulouse\/wp-json\/wp\/v2\/comments?post=214862"}],"wp:attachment":[{"href":"https:\/\/www.labeerfabrique.com\/toulouse\/wp-json\/wp\/v2\/media?parent=214862"}],"wp:term":[{"taxonomy":"product_brand","embeddable":true,"href":"https:\/\/www.labeerfabrique.com\/toulouse\/wp-json\/wp\/v2\/product_brand?post=214862"},{"taxonomy":"product_cat","embeddable":true,"href":"https:\/\/www.labeerfabrique.com\/toulouse\/wp-json\/wp\/v2\/product_cat?post=214862"},{"taxonomy":"product_tag","embeddable":true,"href":"https:\/\/www.labeerfabrique.com\/toulouse\/wp-json\/wp\/v2\/product_tag?post=214862"}],"curies":[{"name":"wp","href":"https:\/\/api.w.org\/{rel}","templated":true}]}}