{"id":221961,"date":"2020-10-08T17:12:13","date_gmt":"2020-10-08T15:12:13","guid":{"rendered":"https:\/\/www.labeerfabrique.com\/lyon\/?post_type=product&#038;p=221961"},"modified":"2025-03-06T18:39:02","modified_gmt":"2025-03-06T17:39:02","slug":"atelier-brasseur-amateur","status":"publish","type":"product","link":"https:\/\/www.labeerfabrique.com\/toulouse\/produit\/atelier-brasseur-amateur\/","title":{"rendered":"Atelier brassage Brasseur Amateur"},"content":{"rendered":"<div class=\"fusion-fullwidth fullwidth-box fusion-builder-row-1 nonhundred-percent-fullwidth non-hundred-percent-height-scrolling\" style=\"--awb-border-radius-top-left:0px;--awb-border-radius-top-right:0px;--awb-border-radius-bottom-right:0px;--awb-border-radius-bottom-left:0px;--awb-flex-wrap:wrap;\" ><div class=\"fusion-builder-row fusion-row\"><div class=\"fusion-layout-column fusion_builder_column fusion-builder-column-0 fusion_builder_column_1_1 1_1 fusion-one-full fusion-column-first fusion-column-last\" style=\"--awb-bg-size:cover;--awb-margin-bottom:0px;\"><div class=\"fusion-column-wrapper fusion-flex-column-wrapper-legacy\"><div class=\"fusion-text fusion-text-1\"><ul>\n<li>Participation aux diff\u00e9rentes \u00e9tapes du brassage d\u2019une bi\u00e8re blonde, avec l\u2019aide d\u2019un brasseur professionnel<\/li>\n<li>D\u00e9gustation comment\u00e9e de 6 styles de bi\u00e8res artisanales<\/li>\n<li>Chaque participant repartira avec un pack de 3 bi\u00e8res artisanales de 33cl, ainsi que sa propre bouteille de 50cl de bi\u00e8re artisanale brass\u00e9e et embouteill\u00e9e sur place<\/li>\n<\/ul>\n<\/div><div class=\"fusion-clearfix\"><\/div><\/div><\/div><\/div><\/div>\n","protected":false},"excerpt":{"rendered":"<p class=\"description-atelier\">2h &#8211; 1 personne<\/p>\n<p class=\"text-center\"><span class=\"woocommerce-Price-amount\">60,00 \u20ac<\/span><\/p>\n<p class=\"margin-top-0 margin-bottom-0 text-center\">S\u00e9lectionnez une date de r\u00e9servation ci-dessous pour r\u00e9server votre stage brassage bi\u00e8re \u00e0 Paris<\/p>\n","protected":false},"featured_media":3870,"comment_status":"closed","ping_status":"closed","template":"","meta":{"_acf_changed":false,"inline_featured_image":false},"product_brand":[],"product_cat":[41],"product_tag":[],"class_list":{"0":"post-221961","1":"product","2":"type-product","3":"status-publish","4":"has-post-thumbnail","6":"product_cat-atelier","8":"first","9":"instock","10":"virtual","11":"taxable","12":"purchasable","13":"product-type-appointment"},"exclude_global_add_ons":false,"addons":[{"name":"Option : repartir avec un pack de 4 bi\u00e8res parisiennes","type":"checkbox","position":0,"required":false,"title_format":"label","default":"","description_enable":false,"description":"","placeholder_enable":false,"placeholder":"","display":"select","restrictions_type":"any_text","adjust_price":false,"price":"","price_type":"flat_fee","restrictions":false,"min":"0","max":"0","options":[{"label":"Pack de 4 bi\u00e8res artisanales du moment","price":"15","price_type":"flat_fee","image":0,"visibility":true}],"id":1741286343}],"acf":[],"yoast_head":"<!-- This site is optimized with the Yoast SEO plugin v25.0 - https:\/\/yoast.com\/wordpress\/plugins\/seo\/ -->\n<title>Atelier de Brassage : l&#039;atelier pour fabriquer sa propre bi\u00e8re | Beer Fabrique<\/title>\n<meta name=\"description\" content=\"Venez \u00e0 La Beer Fabrique participer \u00e0 un atelier , tout apprendre sur la bi\u00e8re artisanale, d\u00e9guster et fabriquer 18 litres de votre propre bi\u00e8re\" \/>\n<meta name=\"robots\" content=\"noindex, follow\" \/>\n<meta property=\"og:locale\" content=\"fr_FR\" \/>\n<meta property=\"og:type\" content=\"article\" \/>\n<meta property=\"og:title\" content=\"Atelier de Brassage : l&#039;atelier pour fabriquer sa propre bi\u00e8re | Beer Fabrique\" \/>\n<meta property=\"og:description\" content=\"Venez \u00e0 La Beer Fabrique participer \u00e0 un atelier , tout apprendre sur la bi\u00e8re artisanale, d\u00e9guster et fabriquer 18 litres de votre propre bi\u00e8re\" \/>\n<meta property=\"og:url\" content=\"https:\/\/www.labeerfabrique.com\/toulouse\/produit\/atelier-brasseur-amateur\/\" \/>\n<meta property=\"og:site_name\" content=\"La beer fabrique Toulouse\" \/>\n<meta property=\"article:publisher\" content=\"https:\/\/www.facebook.com\/labeerfabrique\/\" \/>\n<meta property=\"article:modified_time\" content=\"2025-03-06T17:39:02+00:00\" \/>\n<meta property=\"og:image\" content=\"https:\/\/www.labeerfabrique.com\/toulouse\/wp-content\/uploads\/sites\/6\/2019\/07\/team-building-maitre-brasseur-min.jpg\" \/>\n\t<meta property=\"og:image:width\" content=\"1100\" \/>\n\t<meta property=\"og:image:height\" content=\"733\" \/>\n\t<meta property=\"og:image:type\" content=\"image\/jpeg\" \/>\n<meta name=\"twitter:card\" content=\"summary_large_image\" \/>\n<meta name=\"twitter:site\" content=\"@beerfabrique\" \/>\n<meta name=\"twitter:label1\" content=\"Dur\u00e9e de lecture estim\u00e9e\" \/>\n\t<meta name=\"twitter:data1\" content=\"1 minute\" \/>\n<script type=\"application\/ld+json\" class=\"yoast-schema-graph\">{\"@context\":\"https:\/\/schema.org\",\"@graph\":[{\"@type\":\"WebPage\",\"@id\":\"https:\/\/www.labeerfabrique.com\/toulouse\/produit\/atelier-brasseur-amateur\/\",\"url\":\"https:\/\/www.labeerfabrique.com\/toulouse\/produit\/atelier-brasseur-amateur\/\",\"name\":\"Atelier de Brassage : l'atelier pour fabriquer sa propre bi\u00e8re | Beer Fabrique\",\"isPartOf\":{\"@id\":\"https:\/\/www.labeerfabrique.com\/toulouse\/#website\"},\"primaryImageOfPage\":{\"@id\":\"https:\/\/www.labeerfabrique.com\/toulouse\/produit\/atelier-brasseur-amateur\/#primaryimage\"},\"image\":{\"@id\":\"https:\/\/www.labeerfabrique.com\/toulouse\/produit\/atelier-brasseur-amateur\/#primaryimage\"},\"thumbnailUrl\":\"https:\/\/www.labeerfabrique.com\/toulouse\/wp-content\/uploads\/sites\/6\/2018\/08\/carte-cadeau-atelier-biere-detail-test-min.jpg\",\"datePublished\":\"2020-10-08T15:12:13+00:00\",\"dateModified\":\"2025-03-06T17:39:02+00:00\",\"description\":\"Venez \u00e0 La Beer Fabrique participer \u00e0 un atelier , tout apprendre sur la bi\u00e8re artisanale, d\u00e9guster et fabriquer 18 litres de votre propre bi\u00e8re\",\"breadcrumb\":{\"@id\":\"https:\/\/www.labeerfabrique.com\/toulouse\/produit\/atelier-brasseur-amateur\/#breadcrumb\"},\"inLanguage\":\"fr-FR\",\"potentialAction\":[{\"@type\":\"ReadAction\",\"target\":[\"https:\/\/www.labeerfabrique.com\/toulouse\/produit\/atelier-brasseur-amateur\/\"]}]},{\"@type\":\"ImageObject\",\"inLanguage\":\"fr-FR\",\"@id\":\"https:\/\/www.labeerfabrique.com\/toulouse\/produit\/atelier-brasseur-amateur\/#primaryimage\",\"url\":\"https:\/\/www.labeerfabrique.com\/toulouse\/wp-content\/uploads\/sites\/6\/2018\/08\/carte-cadeau-atelier-biere-detail-test-min.jpg\",\"contentUrl\":\"https:\/\/www.labeerfabrique.com\/toulouse\/wp-content\/uploads\/sites\/6\/2018\/08\/carte-cadeau-atelier-biere-detail-test-min.jpg\",\"width\":833,\"height\":656,\"caption\":\"pere et fils qui brassent de la bi\u00e8re\"},{\"@type\":\"BreadcrumbList\",\"@id\":\"https:\/\/www.labeerfabrique.com\/toulouse\/produit\/atelier-brasseur-amateur\/#breadcrumb\",\"itemListElement\":[{\"@type\":\"ListItem\",\"position\":1,\"name\":\"Accueil\",\"item\":\"https:\/\/www.labeerfabrique.com\/toulouse\/\"},{\"@type\":\"ListItem\",\"position\":2,\"name\":\"Produits\",\"item\":\"https:\/\/www.labeerfabrique.com\/toulouse\/boutique\/\"},{\"@type\":\"ListItem\",\"position\":3,\"name\":\"Atelier brassage Brasseur Amateur\"}]},{\"@type\":\"WebSite\",\"@id\":\"https:\/\/www.labeerfabrique.com\/toulouse\/#website\",\"url\":\"https:\/\/www.labeerfabrique.com\/toulouse\/\",\"name\":\"La beer fabrique Toulouse\",\"description\":\"Un site utilisant Les sites de La Beer Fabrique\",\"publisher\":{\"@id\":\"https:\/\/www.labeerfabrique.com\/toulouse\/#organization\"},\"potentialAction\":[{\"@type\":\"SearchAction\",\"target\":{\"@type\":\"EntryPoint\",\"urlTemplate\":\"https:\/\/www.labeerfabrique.com\/toulouse\/?s={search_term_string}\"},\"query-input\":{\"@type\":\"PropertyValueSpecification\",\"valueRequired\":true,\"valueName\":\"search_term_string\"}}],\"inLanguage\":\"fr-FR\"},{\"@type\":\"Organization\",\"@id\":\"https:\/\/www.labeerfabrique.com\/toulouse\/#organization\",\"name\":\"La Beer Fabrique\",\"url\":\"https:\/\/www.labeerfabrique.com\/toulouse\/\",\"logo\":{\"@type\":\"ImageObject\",\"inLanguage\":\"fr-FR\",\"@id\":\"https:\/\/www.labeerfabrique.com\/toulouse\/#\/schema\/logo\/image\/\",\"url\":\"https:\/\/www.labeerfabrique.com\/toulouse\/wp-content\/uploads\/sites\/6\/2018\/08\/LogoBF-021.png\",\"contentUrl\":\"https:\/\/www.labeerfabrique.com\/toulouse\/wp-content\/uploads\/sites\/6\/2018\/08\/LogoBF-021.png\",\"width\":100,\"height\":100,\"caption\":\"La Beer Fabrique\"},\"image\":{\"@id\":\"https:\/\/www.labeerfabrique.com\/toulouse\/#\/schema\/logo\/image\/\"},\"sameAs\":[\"https:\/\/www.facebook.com\/labeerfabrique\/\",\"https:\/\/x.com\/beerfabrique\",\"https:\/\/www.instagram.com\/beer_fabrique\/\"]}]}<\/script>\n<!-- \/ Yoast SEO plugin. -->","yoast_head_json":{"title":"Atelier de Brassage : l'atelier pour fabriquer sa propre bi\u00e8re | Beer Fabrique","description":"Venez \u00e0 La Beer Fabrique participer \u00e0 un atelier , tout apprendre sur la bi\u00e8re artisanale, d\u00e9guster et fabriquer 18 litres de votre propre bi\u00e8re","robots":{"index":"noindex","follow":"follow"},"og_locale":"fr_FR","og_type":"article","og_title":"Atelier de Brassage : l'atelier pour fabriquer sa propre bi\u00e8re | Beer Fabrique","og_description":"Venez \u00e0 La Beer Fabrique participer \u00e0 un atelier , tout apprendre sur la bi\u00e8re artisanale, d\u00e9guster et fabriquer 18 litres de votre propre bi\u00e8re","og_url":"https:\/\/www.labeerfabrique.com\/toulouse\/produit\/atelier-brasseur-amateur\/","og_site_name":"La beer fabrique Toulouse","article_publisher":"https:\/\/www.facebook.com\/labeerfabrique\/","article_modified_time":"2025-03-06T17:39:02+00:00","og_image":[{"width":1100,"height":733,"url":"https:\/\/www.labeerfabrique.com\/toulouse\/wp-content\/uploads\/sites\/6\/2019\/07\/team-building-maitre-brasseur-min.jpg","type":"image\/jpeg"}],"twitter_card":"summary_large_image","twitter_site":"@beerfabrique","twitter_misc":{"Dur\u00e9e de lecture estim\u00e9e":"1 minute"},"schema":{"@context":"https:\/\/schema.org","@graph":[{"@type":"WebPage","@id":"https:\/\/www.labeerfabrique.com\/toulouse\/produit\/atelier-brasseur-amateur\/","url":"https:\/\/www.labeerfabrique.com\/toulouse\/produit\/atelier-brasseur-amateur\/","name":"Atelier de Brassage : l'atelier pour fabriquer sa propre bi\u00e8re | Beer Fabrique","isPartOf":{"@id":"https:\/\/www.labeerfabrique.com\/toulouse\/#website"},"primaryImageOfPage":{"@id":"https:\/\/www.labeerfabrique.com\/toulouse\/produit\/atelier-brasseur-amateur\/#primaryimage"},"image":{"@id":"https:\/\/www.labeerfabrique.com\/toulouse\/produit\/atelier-brasseur-amateur\/#primaryimage"},"thumbnailUrl":"https:\/\/www.labeerfabrique.com\/toulouse\/wp-content\/uploads\/sites\/6\/2018\/08\/carte-cadeau-atelier-biere-detail-test-min.jpg","datePublished":"2020-10-08T15:12:13+00:00","dateModified":"2025-03-06T17:39:02+00:00","description":"Venez \u00e0 La Beer Fabrique participer \u00e0 un atelier , tout apprendre sur la bi\u00e8re artisanale, d\u00e9guster et fabriquer 18 litres de votre propre bi\u00e8re","breadcrumb":{"@id":"https:\/\/www.labeerfabrique.com\/toulouse\/produit\/atelier-brasseur-amateur\/#breadcrumb"},"inLanguage":"fr-FR","potentialAction":[{"@type":"ReadAction","target":["https:\/\/www.labeerfabrique.com\/toulouse\/produit\/atelier-brasseur-amateur\/"]}]},{"@type":"ImageObject","inLanguage":"fr-FR","@id":"https:\/\/www.labeerfabrique.com\/toulouse\/produit\/atelier-brasseur-amateur\/#primaryimage","url":"https:\/\/www.labeerfabrique.com\/toulouse\/wp-content\/uploads\/sites\/6\/2018\/08\/carte-cadeau-atelier-biere-detail-test-min.jpg","contentUrl":"https:\/\/www.labeerfabrique.com\/toulouse\/wp-content\/uploads\/sites\/6\/2018\/08\/carte-cadeau-atelier-biere-detail-test-min.jpg","width":833,"height":656,"caption":"pere et fils qui brassent de la bi\u00e8re"},{"@type":"BreadcrumbList","@id":"https:\/\/www.labeerfabrique.com\/toulouse\/produit\/atelier-brasseur-amateur\/#breadcrumb","itemListElement":[{"@type":"ListItem","position":1,"name":"Accueil","item":"https:\/\/www.labeerfabrique.com\/toulouse\/"},{"@type":"ListItem","position":2,"name":"Produits","item":"https:\/\/www.labeerfabrique.com\/toulouse\/boutique\/"},{"@type":"ListItem","position":3,"name":"Atelier brassage Brasseur Amateur"}]},{"@type":"WebSite","@id":"https:\/\/www.labeerfabrique.com\/toulouse\/#website","url":"https:\/\/www.labeerfabrique.com\/toulouse\/","name":"La beer fabrique Toulouse","description":"Un site utilisant Les sites de La Beer Fabrique","publisher":{"@id":"https:\/\/www.labeerfabrique.com\/toulouse\/#organization"},"potentialAction":[{"@type":"SearchAction","target":{"@type":"EntryPoint","urlTemplate":"https:\/\/www.labeerfabrique.com\/toulouse\/?s={search_term_string}"},"query-input":{"@type":"PropertyValueSpecification","valueRequired":true,"valueName":"search_term_string"}}],"inLanguage":"fr-FR"},{"@type":"Organization","@id":"https:\/\/www.labeerfabrique.com\/toulouse\/#organization","name":"La Beer Fabrique","url":"https:\/\/www.labeerfabrique.com\/toulouse\/","logo":{"@type":"ImageObject","inLanguage":"fr-FR","@id":"https:\/\/www.labeerfabrique.com\/toulouse\/#\/schema\/logo\/image\/","url":"https:\/\/www.labeerfabrique.com\/toulouse\/wp-content\/uploads\/sites\/6\/2018\/08\/LogoBF-021.png","contentUrl":"https:\/\/www.labeerfabrique.com\/toulouse\/wp-content\/uploads\/sites\/6\/2018\/08\/LogoBF-021.png","width":100,"height":100,"caption":"La Beer Fabrique"},"image":{"@id":"https:\/\/www.labeerfabrique.com\/toulouse\/#\/schema\/logo\/image\/"},"sameAs":["https:\/\/www.facebook.com\/labeerfabrique\/","https:\/\/x.com\/beerfabrique","https:\/\/www.instagram.com\/beer_fabrique\/"]}]}},"_links":{"self":[{"href":"https:\/\/www.labeerfabrique.com\/toulouse\/wp-json\/wp\/v2\/product\/221961","targetHints":{"allow":["GET"]}}],"collection":[{"href":"https:\/\/www.labeerfabrique.com\/toulouse\/wp-json\/wp\/v2\/product"}],"about":[{"href":"https:\/\/www.labeerfabrique.com\/toulouse\/wp-json\/wp\/v2\/types\/product"}],"replies":[{"embeddable":true,"href":"https:\/\/www.labeerfabrique.com\/toulouse\/wp-json\/wp\/v2\/comments?post=221961"}],"wp:featuredmedia":[{"embeddable":true,"href":"https:\/\/www.labeerfabrique.com\/toulouse\/wp-json\/wp\/v2\/media\/3870"}],"wp:attachment":[{"href":"https:\/\/www.labeerfabrique.com\/toulouse\/wp-json\/wp\/v2\/media?parent=221961"}],"wp:term":[{"taxonomy":"product_brand","embeddable":true,"href":"https:\/\/www.labeerfabrique.com\/toulouse\/wp-json\/wp\/v2\/product_brand?post=221961"},{"taxonomy":"product_cat","embeddable":true,"href":"https:\/\/www.labeerfabrique.com\/toulouse\/wp-json\/wp\/v2\/product_cat?post=221961"},{"taxonomy":"product_tag","embeddable":true,"href":"https:\/\/www.labeerfabrique.com\/toulouse\/wp-json\/wp\/v2\/product_tag?post=221961"}],"curies":[{"name":"wp","href":"https:\/\/api.w.org\/{rel}","templated":true}]}}