{"id":3158,"date":"2018-08-20T00:24:15","date_gmt":"2018-08-19T22:24:15","guid":{"rendered":"https:\/\/anaelle.entroisclics.com\/?post_type=product&#038;p=3158"},"modified":"2026-01-05T11:16:16","modified_gmt":"2026-01-05T10:16:16","slug":"carte-cadeau-atelier-brassage","status":"publish","type":"product","link":"https:\/\/www.labeerfabrique.com\/toulouse\/produit\/carte-cadeau-atelier-brassage\/","title":{"rendered":"Atelier Brassage de 4 heures pour 2 personnes"},"content":{"rendered":"","protected":false},"excerpt":{"rendered":"<p>Validit\u00e9 : 1 an \u00e0 compter de l\u2019achat<\/p>\n<ul class=\"margin-top-5\">\n<li>D\u00e9gustation comment\u00e9e de 6 styles de bi\u00e8res artisanales.<\/li>\n<li>Fabrication de sa propre bi\u00e8re de A \u00e0 Z.<\/li>\n<li>Chaque bin\u00f4me repartira avec 30 bouteilles de sa propre bi\u00e8re (soit 15 litres).<\/li>\n<\/ul>\n","protected":false},"featured_media":228566,"comment_status":"closed","ping_status":"closed","template":"","meta":{"_acf_changed":false,"inline_featured_image":false},"product_brand":[],"product_cat":[42],"product_tag":[],"class_list":{"0":"post-3158","1":"product","2":"type-product","3":"status-publish","4":"has-post-thumbnail","6":"product_cat-stage-maitre-brasseur","8":"first","9":"instock","10":"downloadable","11":"virtual","12":"taxable","13":"purchasable","14":"product-type-simple"},"exclude_global_add_ons":false,"addons":[{"name":"Option : venir \u00e0 3 personnes plut\u00f4t qu\u2019\u00e0 2","type":"checkbox","position":0,"required":false,"title_format":"label","default":"","description_enable":false,"description":"","placeholder_enable":false,"placeholder":"","display":"select","restrictions_type":"any_text","adjust_price":false,"price":"","price_type":"flat_fee","restrictions":false,"min":"0","max":"0","options":[{"label":"1 personne suppl\u00e9mentaire","price":"50","price_type":"flat_fee","image":0,"visibility":true}],"id":1686321482}],"acf":[],"yoast_head":"<!-- This site is optimized with the Yoast SEO plugin v25.0 - https:\/\/yoast.com\/wordpress\/plugins\/seo\/ -->\n<title>Cadeau Atelier Brassage | Beer Fabrique Toulouse<\/title>\n<meta name=\"description\" content=\"Offrez une carte cadeau atelier brassage : brassage de 15 litres de bi\u00e8re personnalis\u00e9e, d\u00e9couverte des secrets de brasseurs et d\u00e9gustation de 6 bi\u00e8res\" \/>\n<meta name=\"robots\" content=\"index, follow, max-snippet:-1, max-image-preview:large, max-video-preview:-1\" \/>\n<link rel=\"canonical\" href=\"https:\/\/www.labeerfabrique.com\/toulouse\/produit\/carte-cadeau-atelier-brassage\/\" \/>\n<meta property=\"og:locale\" content=\"fr_FR\" \/>\n<meta property=\"og:type\" content=\"article\" \/>\n<meta property=\"og:title\" content=\"Cadeau Atelier Brassage | Beer Fabrique Toulouse\" \/>\n<meta property=\"og:description\" content=\"Offrez une carte cadeau atelier brassage : brassage de 15 litres de bi\u00e8re personnalis\u00e9e, d\u00e9couverte des secrets de brasseurs et d\u00e9gustation de 6 bi\u00e8res\" \/>\n<meta property=\"og:url\" content=\"https:\/\/www.labeerfabrique.com\/toulouse\/produit\/carte-cadeau-atelier-brassage\/\" \/>\n<meta property=\"og:site_name\" content=\"La beer fabrique Toulouse\" \/>\n<meta property=\"article:publisher\" content=\"https:\/\/www.facebook.com\/labeerfabrique\/\" \/>\n<meta property=\"article:modified_time\" content=\"2026-01-05T10:16:16+00:00\" \/>\n<meta property=\"og:image\" content=\"https:\/\/www.labeerfabrique.com\/toulouse\/wp-content\/uploads\/sites\/6\/2018\/08\/Bon-cadeau-4h-min.jpg\" \/>\n\t<meta property=\"og:image:width\" content=\"800\" \/>\n\t<meta property=\"og:image:height\" content=\"800\" \/>\n\t<meta property=\"og:image:type\" content=\"image\/jpeg\" \/>\n<meta name=\"twitter:card\" content=\"summary_large_image\" \/>\n<meta name=\"twitter:site\" content=\"@beerfabrique\" \/>\n<meta name=\"twitter:label1\" content=\"Dur\u00e9e de lecture estim\u00e9e\" \/>\n\t<meta name=\"twitter:data1\" content=\"1 minute\" \/>\n<script type=\"application\/ld+json\" class=\"yoast-schema-graph\">{\"@context\":\"https:\/\/schema.org\",\"@graph\":[{\"@type\":\"WebPage\",\"@id\":\"https:\/\/www.labeerfabrique.com\/toulouse\/produit\/carte-cadeau-atelier-brassage\/\",\"url\":\"https:\/\/www.labeerfabrique.com\/toulouse\/produit\/carte-cadeau-atelier-brassage\/\",\"name\":\"Cadeau Atelier Brassage | Beer Fabrique Toulouse\",\"isPartOf\":{\"@id\":\"https:\/\/www.labeerfabrique.com\/toulouse\/#website\"},\"primaryImageOfPage\":{\"@id\":\"https:\/\/www.labeerfabrique.com\/toulouse\/produit\/carte-cadeau-atelier-brassage\/#primaryimage\"},\"image\":{\"@id\":\"https:\/\/www.labeerfabrique.com\/toulouse\/produit\/carte-cadeau-atelier-brassage\/#primaryimage\"},\"thumbnailUrl\":\"https:\/\/www.labeerfabrique.com\/toulouse\/wp-content\/uploads\/sites\/6\/2018\/08\/Bon-cadeau-4h-min.jpg\",\"datePublished\":\"2018-08-19T22:24:15+00:00\",\"dateModified\":\"2026-01-05T10:16:16+00:00\",\"description\":\"Offrez une carte cadeau atelier brassage : brassage de 15 litres de bi\u00e8re personnalis\u00e9e, d\u00e9couverte des secrets de brasseurs et d\u00e9gustation de 6 bi\u00e8res\",\"breadcrumb\":{\"@id\":\"https:\/\/www.labeerfabrique.com\/toulouse\/produit\/carte-cadeau-atelier-brassage\/#breadcrumb\"},\"inLanguage\":\"fr-FR\",\"potentialAction\":[{\"@type\":\"ReadAction\",\"target\":[\"https:\/\/www.labeerfabrique.com\/toulouse\/produit\/carte-cadeau-atelier-brassage\/\"]}]},{\"@type\":\"ImageObject\",\"inLanguage\":\"fr-FR\",\"@id\":\"https:\/\/www.labeerfabrique.com\/toulouse\/produit\/carte-cadeau-atelier-brassage\/#primaryimage\",\"url\":\"https:\/\/www.labeerfabrique.com\/toulouse\/wp-content\/uploads\/sites\/6\/2018\/08\/Bon-cadeau-4h-min.jpg\",\"contentUrl\":\"https:\/\/www.labeerfabrique.com\/toulouse\/wp-content\/uploads\/sites\/6\/2018\/08\/Bon-cadeau-4h-min.jpg\",\"width\":800,\"height\":800},{\"@type\":\"BreadcrumbList\",\"@id\":\"https:\/\/www.labeerfabrique.com\/toulouse\/produit\/carte-cadeau-atelier-brassage\/#breadcrumb\",\"itemListElement\":[{\"@type\":\"ListItem\",\"position\":1,\"name\":\"Accueil\",\"item\":\"https:\/\/www.labeerfabrique.com\/toulouse\/\"},{\"@type\":\"ListItem\",\"position\":2,\"name\":\"Produits\",\"item\":\"https:\/\/www.labeerfabrique.com\/toulouse\/boutique\/\"},{\"@type\":\"ListItem\",\"position\":3,\"name\":\"Atelier Brassage de 4 heures pour 2 personnes\"}]},{\"@type\":\"WebSite\",\"@id\":\"https:\/\/www.labeerfabrique.com\/toulouse\/#website\",\"url\":\"https:\/\/www.labeerfabrique.com\/toulouse\/\",\"name\":\"La beer fabrique Toulouse\",\"description\":\"Un site utilisant Les sites de La Beer Fabrique\",\"publisher\":{\"@id\":\"https:\/\/www.labeerfabrique.com\/toulouse\/#organization\"},\"potentialAction\":[{\"@type\":\"SearchAction\",\"target\":{\"@type\":\"EntryPoint\",\"urlTemplate\":\"https:\/\/www.labeerfabrique.com\/toulouse\/?s={search_term_string}\"},\"query-input\":{\"@type\":\"PropertyValueSpecification\",\"valueRequired\":true,\"valueName\":\"search_term_string\"}}],\"inLanguage\":\"fr-FR\"},{\"@type\":\"Organization\",\"@id\":\"https:\/\/www.labeerfabrique.com\/toulouse\/#organization\",\"name\":\"La Beer Fabrique\",\"url\":\"https:\/\/www.labeerfabrique.com\/toulouse\/\",\"logo\":{\"@type\":\"ImageObject\",\"inLanguage\":\"fr-FR\",\"@id\":\"https:\/\/www.labeerfabrique.com\/toulouse\/#\/schema\/logo\/image\/\",\"url\":\"https:\/\/www.labeerfabrique.com\/toulouse\/wp-content\/uploads\/sites\/6\/2018\/08\/LogoBF-021.png\",\"contentUrl\":\"https:\/\/www.labeerfabrique.com\/toulouse\/wp-content\/uploads\/sites\/6\/2018\/08\/LogoBF-021.png\",\"width\":100,\"height\":100,\"caption\":\"La Beer Fabrique\"},\"image\":{\"@id\":\"https:\/\/www.labeerfabrique.com\/toulouse\/#\/schema\/logo\/image\/\"},\"sameAs\":[\"https:\/\/www.facebook.com\/labeerfabrique\/\",\"https:\/\/x.com\/beerfabrique\",\"https:\/\/www.instagram.com\/beer_fabrique\/\"]}]}<\/script>\n<!-- \/ Yoast SEO plugin. -->","yoast_head_json":{"title":"Cadeau Atelier Brassage | Beer Fabrique Toulouse","description":"Offrez une carte cadeau atelier brassage : brassage de 15 litres de bi\u00e8re personnalis\u00e9e, d\u00e9couverte des secrets de brasseurs et d\u00e9gustation de 6 bi\u00e8res","robots":{"index":"index","follow":"follow","max-snippet":"max-snippet:-1","max-image-preview":"max-image-preview:large","max-video-preview":"max-video-preview:-1"},"canonical":"https:\/\/www.labeerfabrique.com\/toulouse\/produit\/carte-cadeau-atelier-brassage\/","og_locale":"fr_FR","og_type":"article","og_title":"Cadeau Atelier Brassage | Beer Fabrique Toulouse","og_description":"Offrez une carte cadeau atelier brassage : brassage de 15 litres de bi\u00e8re personnalis\u00e9e, d\u00e9couverte des secrets de brasseurs et d\u00e9gustation de 6 bi\u00e8res","og_url":"https:\/\/www.labeerfabrique.com\/toulouse\/produit\/carte-cadeau-atelier-brassage\/","og_site_name":"La beer fabrique Toulouse","article_publisher":"https:\/\/www.facebook.com\/labeerfabrique\/","article_modified_time":"2026-01-05T10:16:16+00:00","og_image":[{"width":800,"height":800,"url":"https:\/\/www.labeerfabrique.com\/toulouse\/wp-content\/uploads\/sites\/6\/2018\/08\/Bon-cadeau-4h-min.jpg","type":"image\/jpeg"}],"twitter_card":"summary_large_image","twitter_site":"@beerfabrique","twitter_misc":{"Dur\u00e9e de lecture estim\u00e9e":"1 minute"},"schema":{"@context":"https:\/\/schema.org","@graph":[{"@type":"WebPage","@id":"https:\/\/www.labeerfabrique.com\/toulouse\/produit\/carte-cadeau-atelier-brassage\/","url":"https:\/\/www.labeerfabrique.com\/toulouse\/produit\/carte-cadeau-atelier-brassage\/","name":"Cadeau Atelier Brassage | Beer Fabrique Toulouse","isPartOf":{"@id":"https:\/\/www.labeerfabrique.com\/toulouse\/#website"},"primaryImageOfPage":{"@id":"https:\/\/www.labeerfabrique.com\/toulouse\/produit\/carte-cadeau-atelier-brassage\/#primaryimage"},"image":{"@id":"https:\/\/www.labeerfabrique.com\/toulouse\/produit\/carte-cadeau-atelier-brassage\/#primaryimage"},"thumbnailUrl":"https:\/\/www.labeerfabrique.com\/toulouse\/wp-content\/uploads\/sites\/6\/2018\/08\/Bon-cadeau-4h-min.jpg","datePublished":"2018-08-19T22:24:15+00:00","dateModified":"2026-01-05T10:16:16+00:00","description":"Offrez une carte cadeau atelier brassage : brassage de 15 litres de bi\u00e8re personnalis\u00e9e, d\u00e9couverte des secrets de brasseurs et d\u00e9gustation de 6 bi\u00e8res","breadcrumb":{"@id":"https:\/\/www.labeerfabrique.com\/toulouse\/produit\/carte-cadeau-atelier-brassage\/#breadcrumb"},"inLanguage":"fr-FR","potentialAction":[{"@type":"ReadAction","target":["https:\/\/www.labeerfabrique.com\/toulouse\/produit\/carte-cadeau-atelier-brassage\/"]}]},{"@type":"ImageObject","inLanguage":"fr-FR","@id":"https:\/\/www.labeerfabrique.com\/toulouse\/produit\/carte-cadeau-atelier-brassage\/#primaryimage","url":"https:\/\/www.labeerfabrique.com\/toulouse\/wp-content\/uploads\/sites\/6\/2018\/08\/Bon-cadeau-4h-min.jpg","contentUrl":"https:\/\/www.labeerfabrique.com\/toulouse\/wp-content\/uploads\/sites\/6\/2018\/08\/Bon-cadeau-4h-min.jpg","width":800,"height":800},{"@type":"BreadcrumbList","@id":"https:\/\/www.labeerfabrique.com\/toulouse\/produit\/carte-cadeau-atelier-brassage\/#breadcrumb","itemListElement":[{"@type":"ListItem","position":1,"name":"Accueil","item":"https:\/\/www.labeerfabrique.com\/toulouse\/"},{"@type":"ListItem","position":2,"name":"Produits","item":"https:\/\/www.labeerfabrique.com\/toulouse\/boutique\/"},{"@type":"ListItem","position":3,"name":"Atelier Brassage de 4 heures pour 2 personnes"}]},{"@type":"WebSite","@id":"https:\/\/www.labeerfabrique.com\/toulouse\/#website","url":"https:\/\/www.labeerfabrique.com\/toulouse\/","name":"La beer fabrique Toulouse","description":"Un site utilisant Les sites de La Beer Fabrique","publisher":{"@id":"https:\/\/www.labeerfabrique.com\/toulouse\/#organization"},"potentialAction":[{"@type":"SearchAction","target":{"@type":"EntryPoint","urlTemplate":"https:\/\/www.labeerfabrique.com\/toulouse\/?s={search_term_string}"},"query-input":{"@type":"PropertyValueSpecification","valueRequired":true,"valueName":"search_term_string"}}],"inLanguage":"fr-FR"},{"@type":"Organization","@id":"https:\/\/www.labeerfabrique.com\/toulouse\/#organization","name":"La Beer Fabrique","url":"https:\/\/www.labeerfabrique.com\/toulouse\/","logo":{"@type":"ImageObject","inLanguage":"fr-FR","@id":"https:\/\/www.labeerfabrique.com\/toulouse\/#\/schema\/logo\/image\/","url":"https:\/\/www.labeerfabrique.com\/toulouse\/wp-content\/uploads\/sites\/6\/2018\/08\/LogoBF-021.png","contentUrl":"https:\/\/www.labeerfabrique.com\/toulouse\/wp-content\/uploads\/sites\/6\/2018\/08\/LogoBF-021.png","width":100,"height":100,"caption":"La Beer Fabrique"},"image":{"@id":"https:\/\/www.labeerfabrique.com\/toulouse\/#\/schema\/logo\/image\/"},"sameAs":["https:\/\/www.facebook.com\/labeerfabrique\/","https:\/\/x.com\/beerfabrique","https:\/\/www.instagram.com\/beer_fabrique\/"]}]}},"_links":{"self":[{"href":"https:\/\/www.labeerfabrique.com\/toulouse\/wp-json\/wp\/v2\/product\/3158","targetHints":{"allow":["GET"]}}],"collection":[{"href":"https:\/\/www.labeerfabrique.com\/toulouse\/wp-json\/wp\/v2\/product"}],"about":[{"href":"https:\/\/www.labeerfabrique.com\/toulouse\/wp-json\/wp\/v2\/types\/product"}],"replies":[{"embeddable":true,"href":"https:\/\/www.labeerfabrique.com\/toulouse\/wp-json\/wp\/v2\/comments?post=3158"}],"wp:featuredmedia":[{"embeddable":true,"href":"https:\/\/www.labeerfabrique.com\/toulouse\/wp-json\/wp\/v2\/media\/228566"}],"wp:attachment":[{"href":"https:\/\/www.labeerfabrique.com\/toulouse\/wp-json\/wp\/v2\/media?parent=3158"}],"wp:term":[{"taxonomy":"product_brand","embeddable":true,"href":"https:\/\/www.labeerfabrique.com\/toulouse\/wp-json\/wp\/v2\/product_brand?post=3158"},{"taxonomy":"product_cat","embeddable":true,"href":"https:\/\/www.labeerfabrique.com\/toulouse\/wp-json\/wp\/v2\/product_cat?post=3158"},{"taxonomy":"product_tag","embeddable":true,"href":"https:\/\/www.labeerfabrique.com\/toulouse\/wp-json\/wp\/v2\/product_tag?post=3158"}],"curies":[{"name":"wp","href":"https:\/\/api.w.org\/{rel}","templated":true}]}}